{"id":2487,"date":"2025-11-18T09:51:51","date_gmt":"2025-11-18T08:51:51","guid":{"rendered":"https:\/\/gpw-online.de\/?page_id=2487"},"modified":"2025-12-13T12:19:51","modified_gmt":"2025-12-13T11:19:51","slug":"ag-ertragsphysiologie-und-wachstumsmodelle-2","status":"publish","type":"page","link":"https:\/\/gpw-online.de\/en\/ag-ertragsphysiologie-und-wachstumsmodelle-2\/","title":{"rendered":"WG Yield physiology and Plant Growth Models"},"content":{"rendered":"<div class=\"wp-block-nk-awb nk-awb nk-awb-fullheight nk-awb-content-valign-center has-070606-background-color has-background\" style=\"min-height:45vh;margin-top:-65px\"><div class=\"nk-awb-wrap\" style=\"background:#070606\" data-awb-type=\"image\" data-awb-parallax=\"scroll-opacity\" data-awb-parallax-speed=\"0.5\" data-awb-parallax-mobile=\"false\" data-awb-image-background-size=\"cover\" data-awb-image-background-position=\"41% 100%\"><div class=\"nk-awb-inner\" style=\"opacity: 0.81;\"><img data-recalc-dims=\"1\" loading=\"lazy\" decoding=\"async\" data-attachment-id=\"1944\" data-permalink=\"https:\/\/gpw-online.de\/en\/pre-conference-workshops\/kottmann-1\/\" data-orig-file=\"https:\/\/i0.wp.com\/gpw-online.de\/wp-content\/uploads\/2025\/09\/Kottmann-1.jpg?fit=3936%2C2624&amp;ssl=1\" data-orig-size=\"3936,2624\" data-comments-opened=\"1\" data-image-meta=\"{&quot;aperture&quot;:&quot;6.3&quot;,&quot;credit&quot;:&quot;&quot;,&quot;camera&quot;:&quot;NIKON Z 5&quot;,&quot;caption&quot;:&quot;&quot;,&quot;created_timestamp&quot;:&quot;1675786194&quot;,&quot;copyright&quot;:&quot;&quot;,&quot;focal_length&quot;:&quot;27.5&quot;,&quot;iso&quot;:&quot;500&quot;,&quot;shutter_speed&quot;:&quot;0.0025&quot;,&quot;title&quot;:&quot;&quot;,&quot;orientation&quot;:&quot;1&quot;}\" data-image-title=\"Kottmann (1)\" data-image-description=\"\" data-image-caption=\"\" data-large-file=\"https:\/\/i0.wp.com\/gpw-online.de\/wp-content\/uploads\/2025\/09\/Kottmann-1.jpg?fit=1024%2C683&amp;ssl=1\" src=\"https:\/\/i0.wp.com\/gpw-online.de\/wp-content\/uploads\/2025\/09\/Kottmann-1.jpg?resize=3936%2C2624&#038;ssl=1\" class=\"wp-image-1944 jarallax-img\" width=\"3936\" height=\"2624\" srcset=\"https:\/\/i0.wp.com\/gpw-online.de\/wp-content\/uploads\/2025\/09\/Kottmann-1.jpg?w=3936&amp;ssl=1 3936w, https:\/\/i0.wp.com\/gpw-online.de\/wp-content\/uploads\/2025\/09\/Kottmann-1.jpg?resize=300%2C200&amp;ssl=1 300w, https:\/\/i0.wp.com\/gpw-online.de\/wp-content\/uploads\/2025\/09\/Kottmann-1.jpg?resize=1024%2C683&amp;ssl=1 1024w, https:\/\/i0.wp.com\/gpw-online.de\/wp-content\/uploads\/2025\/09\/Kottmann-1.jpg?resize=768%2C512&amp;ssl=1 768w, https:\/\/i0.wp.com\/gpw-online.de\/wp-content\/uploads\/2025\/09\/Kottmann-1.jpg?resize=1536%2C1024&amp;ssl=1 1536w, https:\/\/i0.wp.com\/gpw-online.de\/wp-content\/uploads\/2025\/09\/Kottmann-1.jpg?resize=2048%2C1365&amp;ssl=1 2048w, https:\/\/i0.wp.com\/gpw-online.de\/wp-content\/uploads\/2025\/09\/Kottmann-1.jpg?resize=1200%2C800&amp;ssl=1 1200w, https:\/\/i0.wp.com\/gpw-online.de\/wp-content\/uploads\/2025\/09\/Kottmann-1.jpg?resize=500%2C333&amp;ssl=1 500w, https:\/\/i0.wp.com\/gpw-online.de\/wp-content\/uploads\/2025\/09\/Kottmann-1.jpg?resize=800%2C533&amp;ssl=1 800w, https:\/\/i0.wp.com\/gpw-online.de\/wp-content\/uploads\/2025\/09\/Kottmann-1.jpg?resize=1280%2C853&amp;ssl=1 1280w, https:\/\/i0.wp.com\/gpw-online.de\/wp-content\/uploads\/2025\/09\/Kottmann-1.jpg?resize=1920%2C1280&amp;ssl=1 1920w, https:\/\/i0.wp.com\/gpw-online.de\/wp-content\/uploads\/2025\/09\/Kottmann-1.jpg?w=3000&amp;ssl=1 3000w\" sizes=\"auto, (max-width: 1000px) 100vw, 1000px\" \/><\/div><\/div><div class=\"nk-awb-wrap-content has-global-padding is-content-justification-center is-layout-constrained wp-block-nk-awb-is-layout-constrained\">\n<div data-aos= \"fade-up\" data-aos-duration=\"400\" data-aos-delay=\"0\" data-aos-easing=\"ease\" data-aos-once=\"true\" class=\"wp-block-uagb-advanced-heading uagb-block-bf8b6b8b\"><h1 class=\"uagb-heading-text\">WG Yield physiology and Plant Growth Models<\/h1><\/div>\n\n\n\n<p class=\"has-text-align-center has-base-color has-text-color has-link-color wp-elements-2dddbcbc2d886a43d3c1563163d878ec wp-block-paragraph\"><em>(Photo: L. Kottmann)<\/em><\/p>\n<\/div><\/div>\n\n\n\n<div class=\"wp-block-group alignfull has-global-padding is-layout-constrained wp-container-core-group-is-layout-7f173503 wp-block-group-is-layout-constrained\" style=\"margin-top:0;margin-bottom:0;padding-top:var(--wp--preset--spacing--40);padding-right:var(--wp--preset--spacing--40);padding-bottom:var(--wp--preset--spacing--40);padding-left:var(--wp--preset--spacing--40)\">\n<h1 class=\"wp-block-heading\" style=\"padding-top:var(--wp--preset--spacing--50);padding-right:var(--wp--preset--spacing--50);padding-bottom:var(--wp--preset--spacing--50);padding-left:var(--wp--preset--spacing--50)\">Arbeitsgemeinschaft Ertragsphysiologie und Wachstumsmodelle<\/h1>\n\n\n\n<p class=\"wp-block-paragraph\" style=\"padding-right:var(--wp--preset--spacing--50);padding-left:var(--wp--preset--spacing--50)\">Coming soon!<\/p>\n\n\n\n<h2 class=\"wp-block-heading has-large-font-size\" style=\"padding-right:var(--wp--preset--spacing--50);padding-left:var(--wp--preset--spacing--50)\">News \/ Dates<\/h2>\n\n\n\n<p class=\"wp-block-paragraph\" style=\"padding-right:var(--wp--preset--spacing--50);padding-left:var(--wp--preset--spacing--50)\">Coming soon!<\/p>\n\n\n\n<h2 class=\"wp-block-heading has-large-font-size\" style=\"padding-right:var(--wp--preset--spacing--50);padding-left:var(--wp--preset--spacing--50)\">Reports from the AG<\/h2>\n\n\n\n<p class=\"wp-block-paragraph\" style=\"padding-right:var(--wp--preset--spacing--50);padding-left:var(--wp--preset--spacing--50)\"><a href=\"https:\/\/gpw-online.de\/en\/ag-ertragsphysiologie-und-wachstumsmodelle_fotos2022\/\">Fotos des Workshops &#8222;Through phenotyping and modeling to better-adapted crops?&#8220; vom 18.-19.05.2022 in Braunschweig<\/a><\/p>\n\n\n\n<h2 class=\"wp-block-heading has-large-font-size\" style=\"border-style:none;border-width:0px;padding-right:var(--wp--preset--spacing--50);padding-left:var(--wp--preset--spacing--50)\">Contact person<\/h2>\n\n\n\n<div class=\"wp-block-jetpack-layout-grid column1-desktop-grid__span-3 column1-desktop-grid__row-1 column2-desktop-grid__span-9 column2-desktop-grid__start-4 column2-desktop-grid__row-1 column1-tablet-grid__span-4 column1-tablet-grid__row-1 column2-tablet-grid__span-4 column2-tablet-grid__start-5 column2-tablet-grid__row-1 column1-mobile-grid__span-4 column1-mobile-grid__row-1 column2-mobile-grid__span-4 column2-mobile-grid__row-2\">\n<div class=\"wp-block-jetpack-layout-grid-column wp-block-jetpack-layout-grid__padding-none\">\n<figure class=\"wp-block-image size-full is-resized\"><img data-recalc-dims=\"1\" loading=\"lazy\" decoding=\"async\" width=\"297\" height=\"377\" data-attachment-id=\"2416\" data-permalink=\"https:\/\/gpw-online.de\/en\/arbeitsgemeinschaften\/til_feike-1\/\" data-orig-file=\"https:\/\/i0.wp.com\/gpw-online.de\/wp-content\/uploads\/2025\/11\/Til_Feike-1-e1763395589768.png?fit=297%2C377&amp;ssl=1\" data-orig-size=\"297,377\" data-comments-opened=\"1\" data-image-meta=\"{&quot;aperture&quot;:&quot;0&quot;,&quot;credit&quot;:&quot;&quot;,&quot;camera&quot;:&quot;&quot;,&quot;caption&quot;:&quot;&quot;,&quot;created_timestamp&quot;:&quot;0&quot;,&quot;copyright&quot;:&quot;&quot;,&quot;focal_length&quot;:&quot;0&quot;,&quot;iso&quot;:&quot;0&quot;,&quot;shutter_speed&quot;:&quot;0&quot;,&quot;title&quot;:&quot;&quot;,&quot;orientation&quot;:&quot;0&quot;}\" data-image-title=\"Til_Feike-1\" data-image-description=\"\" data-image-caption=\"\" data-large-file=\"https:\/\/i0.wp.com\/gpw-online.de\/wp-content\/uploads\/2025\/11\/Til_Feike-1-e1763395589768.png?fit=297%2C377&amp;ssl=1\" src=\"https:\/\/i0.wp.com\/gpw-online.de\/wp-content\/uploads\/2025\/11\/Til_Feike-1-e1763395589768.png?resize=297%2C377&#038;ssl=1\" alt=\"\" class=\"wp-image-2416\" style=\"width:250px\" srcset=\"https:\/\/i0.wp.com\/gpw-online.de\/wp-content\/uploads\/2025\/11\/Til_Feike-1-e1763395589768.png?w=297&amp;ssl=1 297w, https:\/\/i0.wp.com\/gpw-online.de\/wp-content\/uploads\/2025\/11\/Til_Feike-1-e1763395589768.png?resize=236%2C300&amp;ssl=1 236w\" sizes=\"auto, (max-width: 297px) 100vw, 297px\" \/><\/figure>\n<\/div>\n\n\n\n<div class=\"wp-block-jetpack-layout-grid-column wp-block-jetpack-layout-grid__padding-none\">\n<p class=\"wp-block-paragraph\"><a href=\"https:\/\/www.julius-kuehn.de\/sf\/personal\/p\/til-feike\" target=\"_blank\" rel=\"noreferrer noopener\"><strong>Dr Til Feike<\/strong><\/a><br>Julius K\u00fchn Institute<br>Institute for Strategies and Impact Assessment<br>Stahnsdorfer Damm 81 14532 Kleinmachnow<br>Tel. 033203-48312<br><a href=\"https:\/\/www.gpw.uni-kiel.de\/de\/@@mailto\/dGlsLmZlaWtlQGp1bGl1cy1rdWVobi5kZQ==\">til.feike@julius-kuehn.de<\/a><\/p>\n<\/div>\n<\/div>\n\n\n\n<div class=\"wp-block-columns is-layout-flex wp-container-core-columns-is-layout-f56f613f wp-block-columns-is-layout-flex\">\n<div class=\"wp-block-column is-layout-flow wp-block-column-is-layout-flow\" style=\"flex-basis:100%\"><\/div>\n<\/div>\n<\/div>","protected":false},"excerpt":{"rendered":"<p>Arbeitsgemeinschaft Ertragsphysiologie und Wachstumsmodelle Coming soon! Aktuelles Coming soon! Berichte aus der AG Fotos des Workshops &#8222;Through phenotyping and modeling to better-adapted crops?&#8220; vom 18.-19.05.2022 in Braunschweig Ansprechperson Dr. Til FeikeJulius K\u00fchn-InstitutInstitut f\u00fcr Strategien und Folgenabsch\u00e4tzungStahnsdorfer Damm 81 14532 KleinmachnowTel. 033203-48312til.feike@julius-kuehn.de<\/p>","protected":false},"author":258304908,"featured_media":0,"parent":0,"menu_order":0,"comment_status":"closed","ping_status":"closed","template":"","meta":{"_crdt_document":"","_uag_custom_page_level_css":"","advanced_seo_description":"","jetpack_seo_html_title":"","jetpack_seo_noindex":false,"footnotes":""},"class_list":["post-2487","page","type-page","status-publish","hentry"],"uagb_featured_image_src":{"full":false,"thumbnail":false,"medium":false,"medium_large":false,"large":false,"1536x1536":false,"2048x2048":false,"trp-custom-language-flag":false,"newspack-article-block-landscape-large":false,"newspack-article-block-portrait-large":false,"newspack-article-block-square-large":false,"newspack-article-block-landscape-medium":false,"newspack-article-block-portrait-medium":false,"newspack-article-block-square-medium":false,"newspack-article-block-landscape-intermediate":false,"newspack-article-block-portrait-intermediate":false,"newspack-article-block-square-intermediate":false,"newspack-article-block-landscape-small":false,"newspack-article-block-portrait-small":false,"newspack-article-block-square-small":false,"newspack-article-block-landscape-tiny":false,"newspack-article-block-portrait-tiny":false,"newspack-article-block-square-tiny":false,"newspack-article-block-uncropped":false,"awb_sm":false,"awb_md":false,"awb_lg":false,"awb_xl":false},"uagb_author_info":{"display_name":"geschaeftsfuehrergpw","author_link":"https:\/\/gpw-online.de\/en\/author\/geschaeftsfuehrergpw\/"},"uagb_comment_info":0,"uagb_excerpt":"Arbeitsgemeinschaft Ertragsphysiologie und Wachstumsmodelle Coming soon! Aktuelles Coming soon! Berichte aus der AG Fotos des Workshops &#8222;Through phenotyping and modeling to better-adapted crops?&#8220; vom 18.-19.05.2022 in Braunschweig Ansprechperson Dr. Til FeikeJulius K\u00fchn-InstitutInstitut f\u00fcr Strategien und Folgenabsch\u00e4tzungStahnsdorfer Damm 81 14532 KleinmachnowTel. 033203-48312til.feike@julius-kuehn.de","jetpack_likes_enabled":true,"jetpack_sharing_enabled":true,"jetpack_shortlink":"https:\/\/wp.me\/PgaE4Q-E7","jetpack-related-posts":[{"id":2596,"url":"https:\/\/gpw-online.de\/en\/ag-ertragsphysiologie-und-wachstumsmodelle_fotos2022\/","url_meta":{"origin":2487,"position":0},"title":"AG Ertragsphysiologie und Wachstumsmodelle_Fotos2022","author":"geschaeftsfuehrergpw","date":"18th November 2025","format":false,"excerpt":"AG Ertragsphysiologie und Wachstumsmodelle (Foto: L. Kottmann) Workshop \u201eThrough phenotyping and modeling to better-adapted crops?\u201d der AG Ertragsphysiologie und Wachstumsmodelle der GPW gemeinsam mit der AG Ertrags- und Stressphysiologie der GPZ am Julius K\u00fchn-Institut am 18.-19.05.2022","rel":"","context":"Similar post","block_context":{"text":"Similar post","link":""},"img":{"alt_text":"","src":"https:\/\/i0.wp.com\/gpw-online.de\/wp-content\/uploads\/2025\/09\/Kottmann-1.jpg?resize=350%2C200&ssl=1","width":350,"height":200,"srcset":"https:\/\/i0.wp.com\/gpw-online.de\/wp-content\/uploads\/2025\/09\/Kottmann-1.jpg?resize=350%2C200&ssl=1 1x, https:\/\/i0.wp.com\/gpw-online.de\/wp-content\/uploads\/2025\/09\/Kottmann-1.jpg?resize=525%2C300&ssl=1 1.5x, https:\/\/i0.wp.com\/gpw-online.de\/wp-content\/uploads\/2025\/09\/Kottmann-1.jpg?resize=700%2C400&ssl=1 2x, https:\/\/i0.wp.com\/gpw-online.de\/wp-content\/uploads\/2025\/09\/Kottmann-1.jpg?resize=1050%2C600&ssl=1 3x, https:\/\/i0.wp.com\/gpw-online.de\/wp-content\/uploads\/2025\/09\/Kottmann-1.jpg?resize=1400%2C800&ssl=1 4x"},"classes":[]},{"id":727,"url":"https:\/\/gpw-online.de\/en\/fotos\/","url_meta":{"origin":2487,"position":1},"title":"Photos","author":"geschaeftsfuehrergpw","date":"26th December 2024","format":false,"excerpt":"GPW-Jahrestagung 2023 AGGF-Jahrestagung 2022\u00a0(AG Gr\u00fcnland und Futterbau) AG-Workshop 2022\u00a0(AG Ertragsphysiologie und Wachstumsmodelle) GPW-Jahrestagung 2017 Verleihungen des Ernst-Klapp-Zukunftspreises","rel":"","context":"Similar post","block_context":{"text":"Similar post","link":""},"img":{"alt_text":"","src":"","width":0,"height":0},"classes":[]},{"id":226,"url":"https:\/\/gpw-online.de\/en\/arbeitsgemeinschaften\/","url_meta":{"origin":2487,"position":2},"title":"Working groups","author":"geschaeftsfuehrergpw","date":"12th December 2024","format":false,"excerpt":"Unsere Arbeitsgemeinschaften (Foto: GPW e.V.) AG Arzneipflanzen und Nachwachsende RohstoffeLeitung der AG Prof. Dr. agr. Tanja Sch\u00e4ferFachhochschule S\u00fcdwestfalenFachbereich AgrarwirtschaftProfessur f\u00fcr Pflanzenbau und Nachhaltige AnbausystemeL\u00fcbecker Ring 2, 59494 SoestTel.: 02921 -378 3228schaefer.tanja@fh-swf.de AG Agrar- und Produktions\u00f6kologieLeitung der AGProf. Dr. Kurt-J\u00fcrgen H\u00fclsbergenTechnische Universit\u00e4t M\u00fcnchenLehrstuhl f\u00fcr \u00d6kologischen Landbau und PflanzenbausystemeLiesel Beckmann Str. 2,\u2026","rel":"","context":"Similar post","block_context":{"text":"Similar post","link":""},"img":{"alt_text":"","src":"https:\/\/i0.wp.com\/gpw-online.de\/wp-content\/uploads\/2025\/10\/Header-Arbeitsgemeinschaften.jpg?resize=350%2C200&ssl=1","width":350,"height":200,"srcset":"https:\/\/i0.wp.com\/gpw-online.de\/wp-content\/uploads\/2025\/10\/Header-Arbeitsgemeinschaften.jpg?resize=350%2C200&ssl=1 1x, https:\/\/i0.wp.com\/gpw-online.de\/wp-content\/uploads\/2025\/10\/Header-Arbeitsgemeinschaften.jpg?resize=525%2C300&ssl=1 1.5x, https:\/\/i0.wp.com\/gpw-online.de\/wp-content\/uploads\/2025\/10\/Header-Arbeitsgemeinschaften.jpg?resize=700%2C400&ssl=1 2x, https:\/\/i0.wp.com\/gpw-online.de\/wp-content\/uploads\/2025\/10\/Header-Arbeitsgemeinschaften.jpg?resize=1050%2C600&ssl=1 3x, https:\/\/i0.wp.com\/gpw-online.de\/wp-content\/uploads\/2025\/10\/Header-Arbeitsgemeinschaften.jpg?resize=1400%2C800&ssl=1 4x"},"classes":[]},{"id":2493,"url":"https:\/\/gpw-online.de\/en\/ag-saatgut-und-sortenwesen\/","url_meta":{"origin":2487,"position":3},"title":"WG Seeds and Plant Varieties","author":"geschaeftsfuehrergpw","date":"18th November 2025","format":false,"excerpt":"AG Saatgut und Sortenwesen (Foto: GPW e.V.) Arbeitsgemeinschaft Saatgut und Sortenwesen Die AG Saatgut und Sortenwesen befasst sich mit der Saatgutforschung, -zulassung und -vermarktung. Die Qualit\u00e4t von Saatgut ist entscheidend f\u00fcr Keimung, Wachstum und Ertrag der Pflanzen. Angesichts der zuk\u00fcnftigen Ern\u00e4hrungssicherheit und m\u00f6glicher Witterungsextreme spielt die Saatgutqualit\u00e4t eine Schl\u00fcsselrolle. Die\u2026","rel":"","context":"Similar post","block_context":{"text":"Similar post","link":""},"img":{"alt_text":"","src":"https:\/\/i0.wp.com\/gpw-online.de\/wp-content\/uploads\/2025\/10\/Sieben-von-Gemenge-aus-Ackerbohne-und-Sommerhafer-mit-einem-Ruettler-TK.jpg?resize=350%2C200&ssl=1","width":350,"height":200,"srcset":"https:\/\/i0.wp.com\/gpw-online.de\/wp-content\/uploads\/2025\/10\/Sieben-von-Gemenge-aus-Ackerbohne-und-Sommerhafer-mit-einem-Ruettler-TK.jpg?resize=350%2C200&ssl=1 1x, https:\/\/i0.wp.com\/gpw-online.de\/wp-content\/uploads\/2025\/10\/Sieben-von-Gemenge-aus-Ackerbohne-und-Sommerhafer-mit-einem-Ruettler-TK.jpg?resize=525%2C300&ssl=1 1.5x, https:\/\/i0.wp.com\/gpw-online.de\/wp-content\/uploads\/2025\/10\/Sieben-von-Gemenge-aus-Ackerbohne-und-Sommerhafer-mit-einem-Ruettler-TK.jpg?resize=700%2C400&ssl=1 2x, https:\/\/i0.wp.com\/gpw-online.de\/wp-content\/uploads\/2025\/10\/Sieben-von-Gemenge-aus-Ackerbohne-und-Sommerhafer-mit-einem-Ruettler-TK.jpg?resize=1050%2C600&ssl=1 3x, https:\/\/i0.wp.com\/gpw-online.de\/wp-content\/uploads\/2025\/10\/Sieben-von-Gemenge-aus-Ackerbohne-und-Sommerhafer-mit-einem-Ruettler-TK.jpg?resize=1400%2C800&ssl=1 4x"},"classes":[]},{"id":2474,"url":"https:\/\/gpw-online.de\/en\/ag-arzneipflanzen-und-nachwachsende-rohstoffe\/","url_meta":{"origin":2487,"position":4},"title":"WG Medicinal Plants and Renewable Resources","author":"geschaeftsfuehrergpw","date":"18th November 2025","format":false,"excerpt":"AG Arzneipflanzen und Nachwachsende Rohstoffe (Foto: GPW e.V.) Arbeitsgemeinschaft Arzneipflanzen und Nachwachsende Rohstoffe Coming soon! Aktuelles SAVE THE DATE: Treffen der GPW AG Arzneipflanzen & Nachwachsende Rohstoffe 2026 Datum: 23.09. - 24.09.2026 Ort: Technologie- und F\u00f6rderzentrum im Kompetenzzentrum f\u00fcr Nachwachsende Rohstoffe (TFZ), Schulgasse 18, 94315 Straubing Vorl\u00e4ufiges Programm:Das Programm startet\u2026","rel":"","context":"Similar post","block_context":{"text":"Similar post","link":""},"img":{"alt_text":"","src":"https:\/\/i0.wp.com\/gpw-online.de\/wp-content\/uploads\/2024\/12\/10.jpeg?resize=350%2C200&ssl=1","width":350,"height":200,"srcset":"https:\/\/i0.wp.com\/gpw-online.de\/wp-content\/uploads\/2024\/12\/10.jpeg?resize=350%2C200&ssl=1 1x, https:\/\/i0.wp.com\/gpw-online.de\/wp-content\/uploads\/2024\/12\/10.jpeg?resize=525%2C300&ssl=1 1.5x, https:\/\/i0.wp.com\/gpw-online.de\/wp-content\/uploads\/2024\/12\/10.jpeg?resize=700%2C400&ssl=1 2x, https:\/\/i0.wp.com\/gpw-online.de\/wp-content\/uploads\/2024\/12\/10.jpeg?resize=1050%2C600&ssl=1 3x"},"classes":[]},{"id":2502,"url":"https:\/\/gpw-online.de\/en\/ag-wissenschaftsgeschiche-des-pflanzenbaus\/","url_meta":{"origin":2487,"position":5},"title":"WG History of Agronomy","author":"geschaeftsfuehrergpw","date":"18th November 2025","format":false,"excerpt":"AG Wissenschaftsgeschichte des Pflanzenbaus (Foto: FAL Braunschweig-V\u00f6lkenrode) Arbeitsgemeinschaft Wissenschaftsgeschichte des Pflanzenbaus In der agrarwissenschaftlichen und pflanzenbaulichen Forschung gab es in Deutschland in der Vergangenheit viele Innovationen, die f\u00fcr die jeweilige Zeitperiode zum Teil bahnbrechend waren und die Landwirtschaft grundlegend beeinflusst haben. Die AG \u201eWissenschaftsgeschichte des Pflanzenbaus\u201c verfolgt daher das Ziel,\u2026","rel":"","context":"Similar post","block_context":{"text":"Similar post","link":""},"img":{"alt_text":"","src":"https:\/\/i0.wp.com\/gpw-online.de\/wp-content\/uploads\/2025\/11\/Honermeier-5.jpeg?resize=350%2C200&ssl=1","width":350,"height":200,"srcset":"https:\/\/i0.wp.com\/gpw-online.de\/wp-content\/uploads\/2025\/11\/Honermeier-5.jpeg?resize=350%2C200&ssl=1 1x, https:\/\/i0.wp.com\/gpw-online.de\/wp-content\/uploads\/2025\/11\/Honermeier-5.jpeg?resize=525%2C300&ssl=1 1.5x, https:\/\/i0.wp.com\/gpw-online.de\/wp-content\/uploads\/2025\/11\/Honermeier-5.jpeg?resize=700%2C400&ssl=1 2x"},"classes":[]}],"_links":{"self":[{"href":"https:\/\/gpw-online.de\/en\/wp-json\/wp\/v2\/pages\/2487","targetHints":{"allow":["GET"]}}],"collection":[{"href":"https:\/\/gpw-online.de\/en\/wp-json\/wp\/v2\/pages"}],"about":[{"href":"https:\/\/gpw-online.de\/en\/wp-json\/wp\/v2\/types\/page"}],"author":[{"embeddable":true,"href":"https:\/\/gpw-online.de\/en\/wp-json\/wp\/v2\/users\/258304908"}],"replies":[{"embeddable":true,"href":"https:\/\/gpw-online.de\/en\/wp-json\/wp\/v2\/comments?post=2487"}],"version-history":[{"count":11,"href":"https:\/\/gpw-online.de\/en\/wp-json\/wp\/v2\/pages\/2487\/revisions"}],"predecessor-version":[{"id":2959,"href":"https:\/\/gpw-online.de\/en\/wp-json\/wp\/v2\/pages\/2487\/revisions\/2959"}],"wp:attachment":[{"href":"https:\/\/gpw-online.de\/en\/wp-json\/wp\/v2\/media?parent=2487"}],"curies":[{"name":"wp","href":"https:\/\/api.w.org\/{rel}","templated":true}]}}