{"id":2496,"date":"2025-11-18T09:55:51","date_gmt":"2025-11-18T08:55:51","guid":{"rendered":"https:\/\/gpw-online.de\/?page_id=2496"},"modified":"2025-12-13T16:53:49","modified_gmt":"2025-12-13T15:53:49","slug":"ag-sensorbasierte-methoden-im-pflanzenbau","status":"publish","type":"page","link":"https:\/\/gpw-online.de\/en\/ag-sensorbasierte-methoden-im-pflanzenbau\/","title":{"rendered":"WG Sensor-based Methods in Agronomy"},"content":{"rendered":"<div class=\"wp-block-nk-awb nk-awb nk-awb-fullheight nk-awb-content-valign-center has-070606-background-color has-background\" style=\"min-height:45vh;margin-top:-65px\"><div class=\"nk-awb-wrap\" style=\"background:#070606\" data-awb-type=\"image\" data-awb-parallax=\"scroll-opacity\" data-awb-parallax-speed=\"0.5\" data-awb-parallax-mobile=\"false\" data-awb-image-background-size=\"cover\" data-awb-image-background-position=\"47% 88%\"><div class=\"nk-awb-inner\" style=\"opacity: 0.65;\"><img data-recalc-dims=\"1\" loading=\"lazy\" decoding=\"async\" data-attachment-id=\"2228\" data-permalink=\"https:\/\/gpw-online.de\/en\/?attachment_id=2228\" data-orig-file=\"https:\/\/i0.wp.com\/gpw-online.de\/wp-content\/uploads\/2024\/12\/Kottmann-4-1.jpg?fit=3936%2C2624&amp;ssl=1\" data-orig-size=\"3936,2624\" data-comments-opened=\"1\" data-image-meta=\"{&quot;aperture&quot;:&quot;9&quot;,&quot;credit&quot;:&quot;&quot;,&quot;camera&quot;:&quot;NIKON Z 5&quot;,&quot;caption&quot;:&quot;&quot;,&quot;created_timestamp&quot;:&quot;1711575450&quot;,&quot;copyright&quot;:&quot;&quot;,&quot;focal_length&quot;:&quot;140&quot;,&quot;iso&quot;:&quot;100&quot;,&quot;shutter_speed&quot;:&quot;0.002&quot;,&quot;title&quot;:&quot;&quot;,&quot;orientation&quot;:&quot;1&quot;}\" data-image-title=\"Kottmann (4)\" data-image-description=\"\" data-image-caption=\"\" data-large-file=\"https:\/\/i0.wp.com\/gpw-online.de\/wp-content\/uploads\/2024\/12\/Kottmann-4-1.jpg?fit=1024%2C683&amp;ssl=1\" src=\"https:\/\/i0.wp.com\/gpw-online.de\/wp-content\/uploads\/2024\/12\/Kottmann-4-1.jpg?resize=3936%2C2624&#038;ssl=1\" class=\"wp-image-2228 jarallax-img\" width=\"3936\" height=\"2624\" srcset=\"https:\/\/i0.wp.com\/gpw-online.de\/wp-content\/uploads\/2024\/12\/Kottmann-4-1.jpg?w=3936&amp;ssl=1 3936w, https:\/\/i0.wp.com\/gpw-online.de\/wp-content\/uploads\/2024\/12\/Kottmann-4-1.jpg?resize=300%2C200&amp;ssl=1 300w, https:\/\/i0.wp.com\/gpw-online.de\/wp-content\/uploads\/2024\/12\/Kottmann-4-1.jpg?resize=1024%2C683&amp;ssl=1 1024w, https:\/\/i0.wp.com\/gpw-online.de\/wp-content\/uploads\/2024\/12\/Kottmann-4-1.jpg?resize=768%2C512&amp;ssl=1 768w, https:\/\/i0.wp.com\/gpw-online.de\/wp-content\/uploads\/2024\/12\/Kottmann-4-1.jpg?resize=1536%2C1024&amp;ssl=1 1536w, https:\/\/i0.wp.com\/gpw-online.de\/wp-content\/uploads\/2024\/12\/Kottmann-4-1.jpg?resize=2048%2C1365&amp;ssl=1 2048w, https:\/\/i0.wp.com\/gpw-online.de\/wp-content\/uploads\/2024\/12\/Kottmann-4-1.jpg?resize=1200%2C800&amp;ssl=1 1200w, https:\/\/i0.wp.com\/gpw-online.de\/wp-content\/uploads\/2024\/12\/Kottmann-4-1.jpg?resize=500%2C333&amp;ssl=1 500w, https:\/\/i0.wp.com\/gpw-online.de\/wp-content\/uploads\/2024\/12\/Kottmann-4-1.jpg?resize=800%2C533&amp;ssl=1 800w, https:\/\/i0.wp.com\/gpw-online.de\/wp-content\/uploads\/2024\/12\/Kottmann-4-1.jpg?resize=1280%2C853&amp;ssl=1 1280w, https:\/\/i0.wp.com\/gpw-online.de\/wp-content\/uploads\/2024\/12\/Kottmann-4-1.jpg?resize=1920%2C1280&amp;ssl=1 1920w, https:\/\/i0.wp.com\/gpw-online.de\/wp-content\/uploads\/2024\/12\/Kottmann-4-1.jpg?w=3000&amp;ssl=1 3000w\" sizes=\"auto, (max-width: 1000px) 100vw, 1000px\" \/><\/div><\/div><div class=\"nk-awb-wrap-content has-global-padding is-layout-constrained wp-block-nk-awb-is-layout-constrained\">\n<div data-aos= \"fade-up\" data-aos-duration=\"400\" data-aos-delay=\"0\" data-aos-easing=\"ease\" data-aos-once=\"true\" class=\"wp-block-uagb-advanced-heading uagb-block-bf8b6b8b\"><h1 class=\"uagb-heading-text\">WG Sensor-based Methods in Agronomy<\/h1><\/div>\n\n\n\n<p class=\"has-text-align-center has-base-color has-text-color has-link-color wp-elements-cf61844da62bf7b59308594eda4100b5 wp-block-paragraph\">(Photo: L. Kottmann)<\/p>\n<\/div><\/div>\n\n\n\n<div class=\"wp-block-group alignfull has-global-padding is-layout-constrained wp-container-core-group-is-layout-7f173503 wp-block-group-is-layout-constrained\" style=\"margin-top:0;margin-bottom:0;padding-top:var(--wp--preset--spacing--40);padding-right:var(--wp--preset--spacing--40);padding-bottom:var(--wp--preset--spacing--40);padding-left:var(--wp--preset--spacing--40)\">\n<h1 class=\"wp-block-heading\" style=\"padding-top:var(--wp--preset--spacing--50);padding-right:var(--wp--preset--spacing--50);padding-bottom:var(--wp--preset--spacing--50);padding-left:var(--wp--preset--spacing--50)\">Arbeitsgemeinschaft Sensorbasierte Methoden im Pflanzenbau<\/h1>\n\n\n\n<p class=\"wp-block-paragraph\" style=\"padding-right:var(--wp--preset--spacing--50);padding-left:var(--wp--preset--spacing--50)\">Coming soon!<\/p>\n\n\n\n<h2 class=\"wp-block-heading has-large-font-size\" style=\"padding-right:var(--wp--preset--spacing--50);padding-left:var(--wp--preset--spacing--50)\">News \/ Dates<\/h2>\n\n\n\n<p class=\"wp-block-paragraph\" style=\"padding-right:var(--wp--preset--spacing--50);padding-left:var(--wp--preset--spacing--50)\">Coming soon!<\/p>\n\n\n\n<h2 class=\"wp-block-heading has-large-font-size\" style=\"padding-right:var(--wp--preset--spacing--50);padding-left:var(--wp--preset--spacing--50)\">Reports from the AG<\/h2>\n\n\n\n<p class=\"wp-block-paragraph\" style=\"padding-right:var(--wp--preset--spacing--50);padding-left:var(--wp--preset--spacing--50)\"><a href=\"https:\/\/gpw-online.de\/wp-content\/uploads\/2025\/11\/Bericht-AG-Fernerkundung-2018.pdf\" data-type=\"link\" data-id=\"https:\/\/gpw-online.de\/wp-content\/uploads\/2025\/11\/Bericht-AG-Fernerkundung-2018.pdf\" target=\"_blank\" rel=\"noreferrer noopener\">WG Report 2018<\/a><\/p>\n\n\n\n<h2 class=\"wp-block-heading has-large-font-size\" style=\"border-style:none;border-width:0px;padding-right:var(--wp--preset--spacing--50);padding-left:var(--wp--preset--spacing--50)\">Contact person<\/h2>\n\n\n\n<div class=\"wp-block-jetpack-layout-grid column1-desktop-grid__span-3 column1-desktop-grid__row-1 column2-desktop-grid__span-9 column2-desktop-grid__start-4 column2-desktop-grid__row-1 column1-tablet-grid__span-4 column1-tablet-grid__row-1 column2-tablet-grid__span-4 column2-tablet-grid__start-5 column2-tablet-grid__row-1 column1-mobile-grid__span-4 column1-mobile-grid__row-1 column2-mobile-grid__span-4 column2-mobile-grid__row-2\">\n<div class=\"wp-block-jetpack-layout-grid-column wp-block-jetpack-layout-grid__padding-none\">\n<figure class=\"wp-block-image size-full is-resized\"><img data-recalc-dims=\"1\" loading=\"lazy\" decoding=\"async\" width=\"3456\" height=\"5184\" data-attachment-id=\"2430\" data-permalink=\"https:\/\/gpw-online.de\/en\/arbeitsgemeinschaften\/jayan_2-2\/\" data-orig-file=\"https:\/\/i0.wp.com\/gpw-online.de\/wp-content\/uploads\/2025\/11\/jayan_2-1.jpg?fit=3456%2C5184&amp;ssl=1\" data-orig-size=\"3456,5184\" data-comments-opened=\"1\" data-image-meta=\"{&quot;aperture&quot;:&quot;2&quot;,&quot;credit&quot;:&quot;&quot;,&quot;camera&quot;:&quot;Canon EOS 600D&quot;,&quot;caption&quot;:&quot;&quot;,&quot;created_timestamp&quot;:&quot;1599731383&quot;,&quot;copyright&quot;:&quot;&quot;,&quot;focal_length&quot;:&quot;30&quot;,&quot;iso&quot;:&quot;200&quot;,&quot;shutter_speed&quot;:&quot;0.0025&quot;,&quot;title&quot;:&quot;&quot;,&quot;orientation&quot;:&quot;0&quot;}\" data-image-title=\"jayan_2\" data-image-description=\"\" data-image-caption=\"&lt;p&gt;sdsds&lt;\/p&gt;\" data-large-file=\"https:\/\/i0.wp.com\/gpw-online.de\/wp-content\/uploads\/2025\/11\/jayan_2-1.jpg?fit=683%2C1024&amp;ssl=1\" src=\"https:\/\/i0.wp.com\/gpw-online.de\/wp-content\/uploads\/2025\/11\/jayan_2-1.jpg?resize=3456%2C5184&#038;ssl=1\" alt=\"\" class=\"wp-image-2430\" style=\"width:250px\" srcset=\"https:\/\/i0.wp.com\/gpw-online.de\/wp-content\/uploads\/2025\/11\/jayan_2-1.jpg?w=3456&amp;ssl=1 3456w, https:\/\/i0.wp.com\/gpw-online.de\/wp-content\/uploads\/2025\/11\/jayan_2-1.jpg?resize=200%2C300&amp;ssl=1 200w, https:\/\/i0.wp.com\/gpw-online.de\/wp-content\/uploads\/2025\/11\/jayan_2-1.jpg?resize=683%2C1024&amp;ssl=1 683w, https:\/\/i0.wp.com\/gpw-online.de\/wp-content\/uploads\/2025\/11\/jayan_2-1.jpg?resize=768%2C1152&amp;ssl=1 768w, https:\/\/i0.wp.com\/gpw-online.de\/wp-content\/uploads\/2025\/11\/jayan_2-1.jpg?resize=1024%2C1536&amp;ssl=1 1024w, https:\/\/i0.wp.com\/gpw-online.de\/wp-content\/uploads\/2025\/11\/jayan_2-1.jpg?resize=1365%2C2048&amp;ssl=1 1365w, https:\/\/i0.wp.com\/gpw-online.de\/wp-content\/uploads\/2025\/11\/jayan_2-1.jpg?resize=1200%2C1800&amp;ssl=1 1200w, https:\/\/i0.wp.com\/gpw-online.de\/wp-content\/uploads\/2025\/11\/jayan_2-1.jpg?resize=500%2C750&amp;ssl=1 500w, https:\/\/i0.wp.com\/gpw-online.de\/wp-content\/uploads\/2025\/11\/jayan_2-1.jpg?resize=800%2C1200&amp;ssl=1 800w, https:\/\/i0.wp.com\/gpw-online.de\/wp-content\/uploads\/2025\/11\/jayan_2-1.jpg?resize=1280%2C1920&amp;ssl=1 1280w, https:\/\/i0.wp.com\/gpw-online.de\/wp-content\/uploads\/2025\/11\/jayan_2-1.jpg?resize=1920%2C2880&amp;ssl=1 1920w, https:\/\/i0.wp.com\/gpw-online.de\/wp-content\/uploads\/2025\/11\/jayan_2-1.jpg?w=2000&amp;ssl=1 2000w, https:\/\/i0.wp.com\/gpw-online.de\/wp-content\/uploads\/2025\/11\/jayan_2-1.jpg?w=3000&amp;ssl=1 3000w\" sizes=\"auto, (max-width: 1000px) 100vw, 1000px\" \/><\/figure>\n<\/div>\n\n\n\n<div class=\"wp-block-jetpack-layout-grid-column wp-block-jetpack-layout-grid__padding-none\">\n<p class=\"wp-block-paragraph\"><a href=\"https:\/\/www.uni-kassel.de\/fb11agrar\/personen\/person?tx_ukpersons_personfunctiondetail%5BpersonFunction%5D=46&amp;cHash=b8726ac88e5574b75162e6d5da4a5b67\" target=\"_blank\" rel=\"noreferrer noopener\">Dr Jayan Wijesingha<\/a><br>University of Kassel<br>Grassland science and renewable raw materials<br>Department of Ecological Agricultural Sciences<br>Steinstr. 19, 37213 Witzenhausen<br>Phone +49 561 804-1245<br><a href=\"https:\/\/www.gpw.uni-kiel.de\/de\/@@mailto\/amF5YW4an2lqZXNpbmdoYUB1bmkta2Fzc2VsLmRl\">jayan.wijesingha@uni-kassel.de<\/a><\/p>\n<\/div>\n<\/div>\n\n\n\n<div class=\"wp-block-columns is-layout-flex wp-container-core-columns-is-layout-f56f613f wp-block-columns-is-layout-flex\">\n<div class=\"wp-block-column is-layout-flow wp-block-column-is-layout-flow\" style=\"flex-basis:100%\"><\/div>\n<\/div>\n<\/div>","protected":false},"excerpt":{"rendered":"<p>Arbeitsgemeinschaft Sensorbasierte Methoden im Pflanzenbau Coming soon! Aktuelles Coming soon! Berichte aus der AG AG-Bericht 2018 Ansprechperson Dr. Jayan WijesinghaUniversit\u00e4t KasselGr\u00fcnlandwissenschaft und Nachwachsende RohstoffeFachbereich \u00d6kologische AgrarwissenschaftenSteinstr. 19, 37213 WitzenhausenTel. +49 561 804-1245jayan.wijesingha@uni-kassel.de<\/p>","protected":false},"author":258304908,"featured_media":0,"parent":0,"menu_order":0,"comment_status":"closed","ping_status":"closed","template":"","meta":{"_crdt_document":"","_uag_custom_page_level_css":"","advanced_seo_description":"","jetpack_seo_html_title":"","jetpack_seo_noindex":false,"footnotes":""},"class_list":["post-2496","page","type-page","status-publish","hentry"],"uagb_featured_image_src":{"full":false,"thumbnail":false,"medium":false,"medium_large":false,"large":false,"1536x1536":false,"2048x2048":false,"trp-custom-language-flag":false,"newspack-article-block-landscape-large":false,"newspack-article-block-portrait-large":false,"newspack-article-block-square-large":false,"newspack-article-block-landscape-medium":false,"newspack-article-block-portrait-medium":false,"newspack-article-block-square-medium":false,"newspack-article-block-landscape-intermediate":false,"newspack-article-block-portrait-intermediate":false,"newspack-article-block-square-intermediate":false,"newspack-article-block-landscape-small":false,"newspack-article-block-portrait-small":false,"newspack-article-block-square-small":false,"newspack-article-block-landscape-tiny":false,"newspack-article-block-portrait-tiny":false,"newspack-article-block-square-tiny":false,"newspack-article-block-uncropped":false,"awb_sm":false,"awb_md":false,"awb_lg":false,"awb_xl":false},"uagb_author_info":{"display_name":"geschaeftsfuehrergpw","author_link":"https:\/\/gpw-online.de\/en\/author\/geschaeftsfuehrergpw\/"},"uagb_comment_info":0,"uagb_excerpt":"Arbeitsgemeinschaft Sensorbasierte Methoden im Pflanzenbau Coming soon! Aktuelles Coming soon! Berichte aus der AG AG-Bericht 2018 Ansprechperson Dr. Jayan WijesinghaUniversit\u00e4t KasselGr\u00fcnlandwissenschaft und Nachwachsende RohstoffeFachbereich \u00d6kologische AgrarwissenschaftenSteinstr. 19, 37213 WitzenhausenTel. +49 561 804-1245jayan.wijesingha@uni-kassel.de","jetpack_likes_enabled":true,"jetpack_sharing_enabled":true,"jetpack_shortlink":"https:\/\/wp.me\/PgaE4Q-Eg","jetpack-related-posts":[{"id":226,"url":"https:\/\/gpw-online.de\/en\/arbeitsgemeinschaften\/","url_meta":{"origin":2496,"position":0},"title":"Working groups","author":"geschaeftsfuehrergpw","date":"12th December 2024","format":false,"excerpt":"Unsere Arbeitsgemeinschaften (Foto: GPW e.V.) AG Arzneipflanzen und Nachwachsende RohstoffeLeitung der AG Prof. Dr. agr. Tanja Sch\u00e4ferFachhochschule S\u00fcdwestfalenFachbereich AgrarwirtschaftProfessur f\u00fcr Pflanzenbau und Nachhaltige AnbausystemeL\u00fcbecker Ring 2, 59494 SoestTel.: 02921 -378 3228schaefer.tanja@fh-swf.de AG Agrar- und Produktions\u00f6kologieLeitung der AGProf. Dr. Kurt-J\u00fcrgen H\u00fclsbergenTechnische Universit\u00e4t M\u00fcnchenLehrstuhl f\u00fcr \u00d6kologischen Landbau und PflanzenbausystemeLiesel Beckmann Str. 2,\u2026","rel":"","context":"Similar post","block_context":{"text":"Similar post","link":""},"img":{"alt_text":"","src":"https:\/\/i0.wp.com\/gpw-online.de\/wp-content\/uploads\/2025\/10\/Header-Arbeitsgemeinschaften.jpg?resize=350%2C200&ssl=1","width":350,"height":200,"srcset":"https:\/\/i0.wp.com\/gpw-online.de\/wp-content\/uploads\/2025\/10\/Header-Arbeitsgemeinschaften.jpg?resize=350%2C200&ssl=1 1x, https:\/\/i0.wp.com\/gpw-online.de\/wp-content\/uploads\/2025\/10\/Header-Arbeitsgemeinschaften.jpg?resize=525%2C300&ssl=1 1.5x, https:\/\/i0.wp.com\/gpw-online.de\/wp-content\/uploads\/2025\/10\/Header-Arbeitsgemeinschaften.jpg?resize=700%2C400&ssl=1 2x, https:\/\/i0.wp.com\/gpw-online.de\/wp-content\/uploads\/2025\/10\/Header-Arbeitsgemeinschaften.jpg?resize=1050%2C600&ssl=1 3x, https:\/\/i0.wp.com\/gpw-online.de\/wp-content\/uploads\/2025\/10\/Header-Arbeitsgemeinschaften.jpg?resize=1400%2C800&ssl=1 4x"},"classes":[]},{"id":1258,"url":"https:\/\/gpw-online.de\/en\/portrait\/","url_meta":{"origin":2496,"position":1},"title":"Portrait","author":"geschaeftsfuehrergpw","date":"1st March 2025","format":false,"excerpt":"Portrait der Gesellschaft f\u00fcr Pflanzenbauwissenschaften e.V. (GPW) (Foto: GPW e.V.) (Foto: MLU Halle)(Foto: MLU Halle)(Foto: MLU Halle)(Foto: GPW e.V.)(Foto: Julia Lindauer)(Foto: Julia Lindauer)(Foto: Julia Lindauer) Die Gesellschaft f\u00fcr Pflanzenbauwissenschaften e.V. (GPW) wurde 1956 gegr\u00fcndet und ist eine Vereinigung von Personen, die auf dem Gesamtgebiet der Pflanzenbauwissenschaften t\u00e4tig sind oder die\u2026","rel":"","context":"Similar post","block_context":{"text":"Similar post","link":""},"img":{"alt_text":"","src":"https:\/\/i0.wp.com\/gpw-online.de\/wp-content\/uploads\/2025\/11\/IMG_20250923_153426-Kopie-e1763988086778.jpg?resize=350%2C200&ssl=1","width":350,"height":200,"srcset":"https:\/\/i0.wp.com\/gpw-online.de\/wp-content\/uploads\/2025\/11\/IMG_20250923_153426-Kopie-e1763988086778.jpg?resize=350%2C200&ssl=1 1x, https:\/\/i0.wp.com\/gpw-online.de\/wp-content\/uploads\/2025\/11\/IMG_20250923_153426-Kopie-e1763988086778.jpg?resize=525%2C300&ssl=1 1.5x, https:\/\/i0.wp.com\/gpw-online.de\/wp-content\/uploads\/2025\/11\/IMG_20250923_153426-Kopie-e1763988086778.jpg?resize=700%2C400&ssl=1 2x"},"classes":[]},{"id":2502,"url":"https:\/\/gpw-online.de\/en\/ag-wissenschaftsgeschiche-des-pflanzenbaus\/","url_meta":{"origin":2496,"position":2},"title":"WG History of Agronomy","author":"geschaeftsfuehrergpw","date":"18th November 2025","format":false,"excerpt":"AG Wissenschaftsgeschichte des Pflanzenbaus (Foto: FAL Braunschweig-V\u00f6lkenrode) Arbeitsgemeinschaft Wissenschaftsgeschichte des Pflanzenbaus In der agrarwissenschaftlichen und pflanzenbaulichen Forschung gab es in Deutschland in der Vergangenheit viele Innovationen, die f\u00fcr die jeweilige Zeitperiode zum Teil bahnbrechend waren und die Landwirtschaft grundlegend beeinflusst haben. Die AG \u201eWissenschaftsgeschichte des Pflanzenbaus\u201c verfolgt daher das Ziel,\u2026","rel":"","context":"Similar post","block_context":{"text":"Similar post","link":""},"img":{"alt_text":"","src":"https:\/\/i0.wp.com\/gpw-online.de\/wp-content\/uploads\/2025\/11\/Honermeier-5.jpeg?resize=350%2C200&ssl=1","width":350,"height":200,"srcset":"https:\/\/i0.wp.com\/gpw-online.de\/wp-content\/uploads\/2025\/11\/Honermeier-5.jpeg?resize=350%2C200&ssl=1 1x, https:\/\/i0.wp.com\/gpw-online.de\/wp-content\/uploads\/2025\/11\/Honermeier-5.jpeg?resize=525%2C300&ssl=1 1.5x, https:\/\/i0.wp.com\/gpw-online.de\/wp-content\/uploads\/2025\/11\/Honermeier-5.jpeg?resize=700%2C400&ssl=1 2x"},"classes":[]},{"id":2499,"url":"https:\/\/gpw-online.de\/en\/ag-versuchswesen\/","url_meta":{"origin":2496,"position":3},"title":"WG Experimental Research","author":"geschaeftsfuehrergpw","date":"18th November 2025","format":false,"excerpt":"AG Versuchswesen (Foto: L. Kottmann) Arbeitsgemeinschaft Versuchswesen Die AG Versuchswesen befasst sich mit allen Aspekten der Planung und Auswertung von pflanzenbaulichen Versuchen im Feld, im Gew\u00e4chshaus oder in der Klimakammer. Im Vordergrund steht die Nutzung, Erprobung und Bewertung von statistischen Verfahren. Die Hauptaktivit\u00e4t der AG besteht in der j\u00e4hrlich stattfindenden\u2026","rel":"","context":"Similar post","block_context":{"text":"Similar post","link":""},"img":{"alt_text":"","src":"https:\/\/i0.wp.com\/gpw-online.de\/wp-content\/uploads\/2025\/11\/Piepho-July-2016-hochformat-1-1.jpg?resize=350%2C200&ssl=1","width":350,"height":200,"srcset":"https:\/\/i0.wp.com\/gpw-online.de\/wp-content\/uploads\/2025\/11\/Piepho-July-2016-hochformat-1-1.jpg?resize=350%2C200&ssl=1 1x, https:\/\/i0.wp.com\/gpw-online.de\/wp-content\/uploads\/2025\/11\/Piepho-July-2016-hochformat-1-1.jpg?resize=525%2C300&ssl=1 1.5x, https:\/\/i0.wp.com\/gpw-online.de\/wp-content\/uploads\/2025\/11\/Piepho-July-2016-hochformat-1-1.jpg?resize=700%2C400&ssl=1 2x, https:\/\/i0.wp.com\/gpw-online.de\/wp-content\/uploads\/2025\/11\/Piepho-July-2016-hochformat-1-1.jpg?resize=1050%2C600&ssl=1 3x, https:\/\/i0.wp.com\/gpw-online.de\/wp-content\/uploads\/2025\/11\/Piepho-July-2016-hochformat-1-1.jpg?resize=1400%2C800&ssl=1 4x"},"classes":[]},{"id":2483,"url":"https:\/\/gpw-online.de\/en\/ag-grunland-und-futterbau\/","url_meta":{"origin":2496,"position":4},"title":"WG Grassland and Forage Production","author":"geschaeftsfuehrergpw","date":"18th November 2025","format":false,"excerpt":"AG Gr\u00fcnland und Futterbau (Foto: GPW e.V.) Arbeitsgemeinschaft Gr\u00fcnland und Futterbau Die Arbeitsgemeinschaft Gr\u00fcnland und Futterbau (AGGF) ist eine AG innerhalb der Gesellschaft f\u00fcr Pflanzenbauwissenschaften (GPW). Sie stellt ein Forum dar f\u00fcr Vertreterinnen und Vertreter aus der angewandten und grundlagen-orientierten Forschung ebenso wie der Wirtschaft des vor- und nachgelagerten Bereichs,\u2026","rel":"","context":"Similar post","block_context":{"text":"Similar post","link":""},"img":{"alt_text":"","src":"https:\/\/i0.wp.com\/gpw-online.de\/wp-content\/uploads\/2024\/12\/15.jpeg?resize=350%2C200&ssl=1","width":350,"height":200,"srcset":"https:\/\/i0.wp.com\/gpw-online.de\/wp-content\/uploads\/2024\/12\/15.jpeg?resize=350%2C200&ssl=1 1x, https:\/\/i0.wp.com\/gpw-online.de\/wp-content\/uploads\/2024\/12\/15.jpeg?resize=525%2C300&ssl=1 1.5x, https:\/\/i0.wp.com\/gpw-online.de\/wp-content\/uploads\/2024\/12\/15.jpeg?resize=700%2C400&ssl=1 2x, https:\/\/i0.wp.com\/gpw-online.de\/wp-content\/uploads\/2024\/12\/15.jpeg?resize=1050%2C600&ssl=1 3x"},"classes":[]},{"id":2493,"url":"https:\/\/gpw-online.de\/en\/ag-saatgut-und-sortenwesen\/","url_meta":{"origin":2496,"position":5},"title":"WG Seeds and Plant Varieties","author":"geschaeftsfuehrergpw","date":"18th November 2025","format":false,"excerpt":"AG Saatgut und Sortenwesen (Foto: GPW e.V.) Arbeitsgemeinschaft Saatgut und Sortenwesen Die AG Saatgut und Sortenwesen befasst sich mit der Saatgutforschung, -zulassung und -vermarktung. Die Qualit\u00e4t von Saatgut ist entscheidend f\u00fcr Keimung, Wachstum und Ertrag der Pflanzen. Angesichts der zuk\u00fcnftigen Ern\u00e4hrungssicherheit und m\u00f6glicher Witterungsextreme spielt die Saatgutqualit\u00e4t eine Schl\u00fcsselrolle. Die\u2026","rel":"","context":"Similar post","block_context":{"text":"Similar post","link":""},"img":{"alt_text":"","src":"https:\/\/i0.wp.com\/gpw-online.de\/wp-content\/uploads\/2025\/10\/Sieben-von-Gemenge-aus-Ackerbohne-und-Sommerhafer-mit-einem-Ruettler-TK.jpg?resize=350%2C200&ssl=1","width":350,"height":200,"srcset":"https:\/\/i0.wp.com\/gpw-online.de\/wp-content\/uploads\/2025\/10\/Sieben-von-Gemenge-aus-Ackerbohne-und-Sommerhafer-mit-einem-Ruettler-TK.jpg?resize=350%2C200&ssl=1 1x, https:\/\/i0.wp.com\/gpw-online.de\/wp-content\/uploads\/2025\/10\/Sieben-von-Gemenge-aus-Ackerbohne-und-Sommerhafer-mit-einem-Ruettler-TK.jpg?resize=525%2C300&ssl=1 1.5x, https:\/\/i0.wp.com\/gpw-online.de\/wp-content\/uploads\/2025\/10\/Sieben-von-Gemenge-aus-Ackerbohne-und-Sommerhafer-mit-einem-Ruettler-TK.jpg?resize=700%2C400&ssl=1 2x, https:\/\/i0.wp.com\/gpw-online.de\/wp-content\/uploads\/2025\/10\/Sieben-von-Gemenge-aus-Ackerbohne-und-Sommerhafer-mit-einem-Ruettler-TK.jpg?resize=1050%2C600&ssl=1 3x, https:\/\/i0.wp.com\/gpw-online.de\/wp-content\/uploads\/2025\/10\/Sieben-von-Gemenge-aus-Ackerbohne-und-Sommerhafer-mit-einem-Ruettler-TK.jpg?resize=1400%2C800&ssl=1 4x"},"classes":[]}],"_links":{"self":[{"href":"https:\/\/gpw-online.de\/en\/wp-json\/wp\/v2\/pages\/2496","targetHints":{"allow":["GET"]}}],"collection":[{"href":"https:\/\/gpw-online.de\/en\/wp-json\/wp\/v2\/pages"}],"about":[{"href":"https:\/\/gpw-online.de\/en\/wp-json\/wp\/v2\/types\/page"}],"author":[{"embeddable":true,"href":"https:\/\/gpw-online.de\/en\/wp-json\/wp\/v2\/users\/258304908"}],"replies":[{"embeddable":true,"href":"https:\/\/gpw-online.de\/en\/wp-json\/wp\/v2\/comments?post=2496"}],"version-history":[{"count":7,"href":"https:\/\/gpw-online.de\/en\/wp-json\/wp\/v2\/pages\/2496\/revisions"}],"predecessor-version":[{"id":2965,"href":"https:\/\/gpw-online.de\/en\/wp-json\/wp\/v2\/pages\/2496\/revisions\/2965"}],"wp:attachment":[{"href":"https:\/\/gpw-online.de\/en\/wp-json\/wp\/v2\/media?parent=2496"}],"curies":[{"name":"wp","href":"https:\/\/api.w.org\/{rel}","templated":true}]}}