{"id":82,"date":"2024-11-20T11:40:36","date_gmt":"2024-11-20T10:40:36","guid":{"rendered":"https:\/\/gpw-online.de\/?page_id=82"},"modified":"2025-12-12T07:42:43","modified_gmt":"2025-12-12T06:42:43","slug":"mitgliedschaft","status":"publish","type":"page","link":"https:\/\/gpw-online.de\/en\/mitgliedschaft\/","title":{"rendered":"Membership"},"content":{"rendered":"<div class=\"wp-block-nk-awb nk-awb nk-awb-fullheight nk-awb-content-valign-center alignwide has-070606-background-color has-background\" style=\"min-height:45vh;margin-top:-65px\"><div class=\"nk-awb-wrap\" style=\"background:#070606\" data-awb-type=\"image\" data-awb-parallax=\"scroll-opacity\" data-awb-parallax-speed=\"0.5\" data-awb-parallax-mobile=\"true\" data-awb-image-background-size=\"cover\" data-awb-image-background-position=\"50% 50%\" data-awb-mouse-parallax=\"true\" data-awb-mouse-parallax-size=\"30\" data-awb-mouse-parallax-speed=\"10000\"><div class=\"nk-awb-inner\" style=\"opacity: 0.64;\"><img data-recalc-dims=\"1\" loading=\"lazy\" decoding=\"async\" data-attachment-id=\"2053\" data-permalink=\"https:\/\/gpw-online.de\/en\/header_mitgliedschaft\/\" data-orig-file=\"https:\/\/i0.wp.com\/gpw-online.de\/wp-content\/uploads\/2025\/10\/Header_Mitgliedschaft.jpg?fit=3264%2C988&amp;ssl=1\" data-orig-size=\"3264,988\" data-comments-opened=\"1\" data-image-meta=\"{&quot;aperture&quot;:&quot;2.4&quot;,&quot;credit&quot;:&quot;&quot;,&quot;camera&quot;:&quot;SM-G800F&quot;,&quot;caption&quot;:&quot;&quot;,&quot;created_timestamp&quot;:&quot;1466695355&quot;,&quot;copyright&quot;:&quot;&quot;,&quot;focal_length&quot;:&quot;3.3&quot;,&quot;iso&quot;:&quot;40&quot;,&quot;shutter_speed&quot;:&quot;0.0025906735751295&quot;,&quot;title&quot;:&quot;&quot;,&quot;orientation&quot;:&quot;0&quot;}\" data-image-title=\"Header_Mitgliedschaft\" data-image-description=\"\" data-image-caption=\"\" data-large-file=\"https:\/\/i0.wp.com\/gpw-online.de\/wp-content\/uploads\/2025\/10\/Header_Mitgliedschaft.jpg?fit=1024%2C310&amp;ssl=1\" src=\"https:\/\/i0.wp.com\/gpw-online.de\/wp-content\/uploads\/2025\/10\/Header_Mitgliedschaft.jpg?resize=3264%2C988&#038;ssl=1\" class=\"wp-image-2053 jarallax-img\" width=\"3264\" height=\"988\" srcset=\"https:\/\/i0.wp.com\/gpw-online.de\/wp-content\/uploads\/2025\/10\/Header_Mitgliedschaft.jpg?w=3264&amp;ssl=1 3264w, https:\/\/i0.wp.com\/gpw-online.de\/wp-content\/uploads\/2025\/10\/Header_Mitgliedschaft.jpg?resize=300%2C91&amp;ssl=1 300w, https:\/\/i0.wp.com\/gpw-online.de\/wp-content\/uploads\/2025\/10\/Header_Mitgliedschaft.jpg?resize=1024%2C310&amp;ssl=1 1024w, https:\/\/i0.wp.com\/gpw-online.de\/wp-content\/uploads\/2025\/10\/Header_Mitgliedschaft.jpg?resize=768%2C232&amp;ssl=1 768w, https:\/\/i0.wp.com\/gpw-online.de\/wp-content\/uploads\/2025\/10\/Header_Mitgliedschaft.jpg?resize=1536%2C465&amp;ssl=1 1536w, https:\/\/i0.wp.com\/gpw-online.de\/wp-content\/uploads\/2025\/10\/Header_Mitgliedschaft.jpg?resize=2048%2C620&amp;ssl=1 2048w, https:\/\/i0.wp.com\/gpw-online.de\/wp-content\/uploads\/2025\/10\/Header_Mitgliedschaft.jpg?resize=500%2C151&amp;ssl=1 500w, https:\/\/i0.wp.com\/gpw-online.de\/wp-content\/uploads\/2025\/10\/Header_Mitgliedschaft.jpg?resize=800%2C242&amp;ssl=1 800w, https:\/\/i0.wp.com\/gpw-online.de\/wp-content\/uploads\/2025\/10\/Header_Mitgliedschaft.jpg?resize=1280%2C387&amp;ssl=1 1280w, https:\/\/i0.wp.com\/gpw-online.de\/wp-content\/uploads\/2025\/10\/Header_Mitgliedschaft.jpg?resize=1920%2C581&amp;ssl=1 1920w, https:\/\/i0.wp.com\/gpw-online.de\/wp-content\/uploads\/2025\/10\/Header_Mitgliedschaft.jpg?w=3000&amp;ssl=1 3000w\" sizes=\"auto, (max-width: 1000px) 100vw, 1000px\" \/><\/div><\/div><div class=\"nk-awb-wrap-content has-global-padding is-layout-constrained wp-block-nk-awb-is-layout-constrained\">\n<div data-aos= \"fade-up\" data-aos-duration=\"400\" data-aos-delay=\"0\" data-aos-easing=\"ease\" data-aos-once=\"true\" class=\"wp-block-uagb-advanced-heading uagb-block-2304d1f5\"><h2 class=\"uagb-heading-text\">Membership<\/h2><\/div>\n\n\n\n<p class=\"has-text-align-center has-base-color has-text-color has-link-color wp-elements-3cafaa0b6345eda0daf2e922e6c045e8 wp-block-paragraph\"><em>(Photo: L. Kottmann)<\/em><\/p>\n<\/div><\/div>\n\n\n\n<div class=\"wp-block-group alignfull has-global-padding is-content-justification-center is-layout-constrained wp-container-core-group-is-layout-7702c84b wp-block-group-is-layout-constrained\" style=\"margin-top:0;margin-bottom:0;padding-top:calc( 0.5 * var(--wp--style--root--padding-right, var(--wp--custom--gap--horizontal)));padding-right:var(--wp--style--root--padding-right, var(--wp--custom--gap--horizontal));padding-bottom:calc( 0.5 * var(--wp--style--root--padding-right, var(--wp--custom--gap--horizontal)));padding-left:var(--wp--style--root--padding-left, var(--wp--custom--gap--horizontal))\">\n<div style=\"height:calc( 0.25 * var(--wp--style--root--padding-right, var(--wp--custom--gap--horizontal)))\" aria-hidden=\"true\" class=\"wp-block-spacer\"><\/div>\n\n\n\n<div class=\"wp-block-group alignwide has-global-padding is-layout-constrained wp-container-core-group-is-layout-ea19773b wp-block-group-is-layout-constrained\" style=\"padding-right:var(--wp--preset--spacing--60);padding-left:var(--wp--preset--spacing--60)\">\n<div class=\"wp-block-columns alignwide is-layout-flex wp-container-core-columns-is-layout-6ec0cbd9 wp-block-columns-is-layout-flex\" style=\"padding-right:var(--wp--preset--spacing--50);padding-left:var(--wp--preset--spacing--50)\">\n<div class=\"wp-block-column is-layout-flow wp-block-column-is-layout-flow\" style=\"flex-basis:40%\">\n<div class=\"wp-block-group is-nowrap is-layout-flex wp-container-core-group-is-layout-3180e972 wp-block-group-is-layout-flex\" style=\"margin-bottom:-30px\">\n<div class=\"wp-block-uagb-advanced-heading uagb-block-4001499d\"><h2 class=\"uagb-heading-text\">You would like to become a member:<\/h2><div class=\"uagb-separator\"><\/div><\/div>\n<\/div>\n<\/div>\n\n\n\n<div class=\"wp-block-column has-global-padding is-layout-constrained wp-block-column-is-layout-constrained\">\n<p class=\"wp-block-paragraph\">Full membership is open to individuals who are engaged in scientific work in the field of agronomy in Germany and abroad, or who are willing to promote the society's activities.<br>Individuals who are pursuing a professional qualification through their studies may be accepted as student members. Student membership automatically converts to full membership after three years.<\/p>\n\n\n\n<ul class=\"wp-block-list\">\n<li><a href=\"https:\/\/gpw-online.de\/en\/mitgliedschaft\/mitgliedsantrag\/\" data-type=\"page\" data-id=\"93\" target=\"_blank\" rel=\"noreferrer noopener\">Online-application<\/a>&nbsp;for becoming a member<\/li>\n\n\n\n<li>The motion is submitted to the president.<\/li>\n\n\n\n<li>The executive board decides on admission.<\/li>\n<\/ul>\n<\/div>\n<\/div>\n\n\n\n<hr class=\"wp-block-separator alignwide has-text-color has-alpha-channel-opacity has-background is-style-wide\" style=\"background-color:#4747471a;color:#4747471a\"\/>\n\n\n\n<div class=\"wp-block-columns alignwide is-layout-flex wp-container-core-columns-is-layout-bc3e9ce7 wp-block-columns-is-layout-flex\" style=\"padding-top:var(--wp--preset--spacing--50);padding-right:var(--wp--preset--spacing--50);padding-left:var(--wp--preset--spacing--50)\">\n<div class=\"wp-block-column is-layout-flow wp-block-column-is-layout-flow\" style=\"flex-basis:40%\">\n<div class=\"wp-block-group is-nowrap is-layout-flex wp-container-core-group-is-layout-3180e972 wp-block-group-is-layout-flex\" style=\"margin-bottom:-30px\">\n<div class=\"wp-block-uagb-advanced-heading uagb-block-412488c9\"><h2 class=\"uagb-heading-text\">When you are a member:<\/h2><div class=\"uagb-separator\"><\/div><\/div>\n<\/div>\n<\/div>\n\n\n\n<div class=\"wp-block-column is-layout-flow wp-block-column-is-layout-flow\">\n<ul class=\"wp-block-list\">\n<li>The&nbsp;<a href=\"https:\/\/gpw-online.de\/en\/tagungsbaende-und-orte-ab-1957\/\" data-type=\"page\" data-id=\"526\" target=\"_blank\" rel=\"noreferrer noopener\">Tagungsband unserer GPW-Tagung &#8222;Mitteilungen der Gesellschaft f\u00fcr Pflanzenbauwissenschaften&#8220; (ISSN 0934-5116)<\/a>&nbsp;is free of charge for you.<\/li>\n\n\n\n<li>When registering for our GPW conference, you pay a lower conference fee.<\/li>\n\n\n\n<li>You will receive up-to-date information from the working groups that are of interest to you.<\/li>\n\n\n\n<li>You will receive regular newsletters (some containing job vacancies or information about conferences).<\/li>\n\n\n\n<li>Scientific exchange<\/li>\n<\/ul>\n<\/div>\n<\/div>\n\n\n\n<hr class=\"wp-block-separator alignwide has-text-color has-alpha-channel-opacity has-background is-style-wide\" style=\"background-color:#4747471a;color:#4747471a\"\/>\n\n\n\n<div class=\"wp-block-columns alignwide is-layout-flex wp-container-core-columns-is-layout-bc3e9ce7 wp-block-columns-is-layout-flex\" style=\"padding-top:var(--wp--preset--spacing--50);padding-right:var(--wp--preset--spacing--50);padding-left:var(--wp--preset--spacing--50)\">\n<div class=\"wp-block-column is-layout-flow wp-block-column-is-layout-flow\" style=\"flex-basis:40%\">\n<div class=\"wp-block-group is-nowrap is-layout-flex wp-container-core-group-is-layout-f56f613f wp-block-group-is-layout-flex\">\n<div class=\"wp-block-uagb-advanced-heading uagb-block-f8d3f961\"><h2 class=\"uagb-heading-text\">Annual membership fee<\/h2><div class=\"uagb-separator\"><\/div><\/div>\n<\/div>\n<\/div>\n<\/div>\n\n\n\n<figure class=\"wp-block-table is-style-stripes\" style=\"padding-right:var(--wp--preset--spacing--40);padding-left:var(--wp--preset--spacing--50)\"><table class=\"has-fixed-layout\"><tbody><tr><td>Normal member<\/td><td><strong>40 Euro<\/strong><\/td><\/tr><tr><td>Student member<\/td><td><strong>20 Euro<\/strong>&nbsp;(Student membership automatically converts to regular membership after three years.)<\/td><\/tr><\/tbody><\/table><figcaption class=\"wp-element-caption\">(The membership fee is tax deductible)<\/figcaption><\/figure>\n\n\n\n<div class=\"wp-block-columns alignwide is-layout-flex wp-container-core-columns-is-layout-f56f613f wp-block-columns-is-layout-flex\">\n<div class=\"wp-block-column has-global-padding is-layout-constrained wp-container-core-column-is-layout-d8c7c4b2 wp-block-column-is-layout-constrained\" style=\"padding-top:0;padding-right:var(--wp--preset--spacing--50);padding-bottom:0;padding-left:var(--wp--preset--spacing--50);flex-basis:27%\">\n<div class=\"wp-block-group is-content-justification-left is-layout-flex wp-container-core-group-is-layout-7d34aab1 wp-block-group-is-layout-flex\" style=\"margin-top:0;margin-bottom:-30px;padding-top:0;padding-right:0px;padding-bottom:0rem;padding-left:0\">\n<div class=\"wp-block-uagb-advanced-heading uagb-block-e6f58cac\"><h2 class=\"uagb-heading-text\">Statutes of the GPW<\/h2><div class=\"uagb-separator\"><\/div><\/div>\n<\/div>\n<\/div>\n\n\n\n<div class=\"wp-block-column is-layout-flow wp-block-column-is-layout-flow\" style=\"padding-top:0;padding-right:0;padding-bottom:0;padding-left:var(--wp--preset--spacing--50)\">\n<p class=\"wp-block-paragraph\"><a href=\"https:\/\/gpw-online.de\/wp-content\/uploads\/2024\/11\/Satzung_GPW.pdf\" target=\"_blank\" rel=\"noreferrer noopener\">Statutes as PDF (German only)<\/a><\/p>\n<\/div>\n<\/div>\n<\/div>\n<\/div>\n\n\n\n<p class=\"wp-block-paragraph\"><\/p>","protected":false},"excerpt":{"rendered":"<p>Sie m\u00f6chten Mitglied werden: Als ordentliche Mitglieder k\u00f6nnen Personen aufgenommen werden, die sich auf dem Gesamtgebiet der Pflanzenbauwissenschaften im In- und Ausland wissenschaftlich bet\u00e4tigen oder die Bereiche der Gesellschaft zu f\u00f6rdern bereit sind.Personen, die einen berufsqualifizierenden Abschluss des Studiums anstreben, k\u00f6nnen als studentische Mitglieder aufgenommen werden. Die studentische Mitgliedschaft geht nach drei Jahren automatisch in [&hellip;]<\/p>\n","protected":false},"author":258304908,"featured_media":0,"parent":0,"menu_order":0,"comment_status":"closed","ping_status":"closed","template":"","meta":{"_crdt_document":"","_uag_custom_page_level_css":"","advanced_seo_description":"","jetpack_seo_html_title":"","jetpack_seo_noindex":false,"footnotes":""},"class_list":["post-82","page","type-page","status-publish","hentry"],"uagb_featured_image_src":{"full":false,"thumbnail":false,"medium":false,"medium_large":false,"large":false,"1536x1536":false,"2048x2048":false,"trp-custom-language-flag":false,"newspack-article-block-landscape-large":false,"newspack-article-block-portrait-large":false,"newspack-article-block-square-large":false,"newspack-article-block-landscape-medium":false,"newspack-article-block-portrait-medium":false,"newspack-article-block-square-medium":false,"newspack-article-block-landscape-intermediate":false,"newspack-article-block-portrait-intermediate":false,"newspack-article-block-square-intermediate":false,"newspack-article-block-landscape-small":false,"newspack-article-block-portrait-small":false,"newspack-article-block-square-small":false,"newspack-article-block-landscape-tiny":false,"newspack-article-block-portrait-tiny":false,"newspack-article-block-square-tiny":false,"newspack-article-block-uncropped":false,"awb_sm":false,"awb_md":false,"awb_lg":false,"awb_xl":false},"uagb_author_info":{"display_name":"geschaeftsfuehrergpw","author_link":"https:\/\/gpw-online.de\/en\/author\/geschaeftsfuehrergpw\/"},"uagb_comment_info":0,"uagb_excerpt":"Sie m\u00f6chten Mitglied werden: Als ordentliche Mitglieder k\u00f6nnen Personen aufgenommen werden, die sich auf dem Gesamtgebiet der Pflanzenbauwissenschaften im In- und Ausland wissenschaftlich bet\u00e4tigen oder die Bereiche der Gesellschaft zu f\u00f6rdern bereit sind.Personen, die einen berufsqualifizierenden Abschluss des Studiums anstreben, k\u00f6nnen als studentische Mitglieder aufgenommen werden. Die studentische Mitgliedschaft geht nach drei Jahren automatisch in&hellip;","jetpack_likes_enabled":true,"jetpack_sharing_enabled":true,"jetpack_shortlink":"https:\/\/wp.me\/PgaE4Q-1k","jetpack-related-posts":[{"id":93,"url":"https:\/\/gpw-online.de\/en\/mitgliedschaft\/mitgliedsantrag\/","url_meta":{"origin":82,"position":0},"title":"Membership application","author":"geschaeftsfuehrergpw","date":"20th November 2024","format":false,"excerpt":"Mitgliedsantrag (Foto: L. Kottmann) Hiermit beantrage ich die Aufnahme in die Gesellschaft f\u00fcr Pflanzenbauwissenschaften e.V. --------------------------------Private Kontaktdaten----------------------------------- ---------------------------------Dienstliche Kontaktdaten---------------------------------- ---------------------------------Ihre Mitgliedschaft---------------------------------- ---------------------------------Zusatzinformationen----------------------------------","rel":"","context":"Similar post","block_context":{"text":"Similar post","link":""},"img":{"alt_text":"","src":"https:\/\/i0.wp.com\/gpw-online.de\/wp-content\/uploads\/2025\/10\/Kottmann-10.jpg?resize=350%2C200&ssl=1","width":350,"height":200,"srcset":"https:\/\/i0.wp.com\/gpw-online.de\/wp-content\/uploads\/2025\/10\/Kottmann-10.jpg?resize=350%2C200&ssl=1 1x, https:\/\/i0.wp.com\/gpw-online.de\/wp-content\/uploads\/2025\/10\/Kottmann-10.jpg?resize=525%2C300&ssl=1 1.5x, https:\/\/i0.wp.com\/gpw-online.de\/wp-content\/uploads\/2025\/10\/Kottmann-10.jpg?resize=700%2C400&ssl=1 2x, https:\/\/i0.wp.com\/gpw-online.de\/wp-content\/uploads\/2025\/10\/Kottmann-10.jpg?resize=1050%2C600&ssl=1 3x, https:\/\/i0.wp.com\/gpw-online.de\/wp-content\/uploads\/2025\/10\/Kottmann-10.jpg?resize=1400%2C800&ssl=1 4x"},"classes":[]},{"id":296,"url":"https:\/\/gpw-online.de\/en\/herzlich-willkommen\/296-2\/","url_meta":{"origin":82,"position":1},"title":"Mitgliedschaft \/ Geschichte","author":"geschaeftsfuehrergpw","date":"17th December 2024","format":false,"excerpt":"Mitgliedschaft Die AGGF ist offen f\u00fcr alle Gr\u00fcnland- und Futterbau-Interessierten aus Forschung und Praxis und freut sich jederzeit, neue Mitglieder begr\u00fc\u00dfen zu k\u00f6nnen. Die Mitgliedschaft erfolgt \u00fcber die\u00a0Gesellschaft f\u00fcr Pflanzenbauwissenschaften e.V., in der wir eine einflussreiche Arbeitsgemeinschaft stellen. Geschichte Die Arbeitsgemeinschaft Gr\u00fcnland und Futterbau geht aus der 1950 gegr\u00fcndeten Arbeitsgemeinschaft\u2026","rel":"","context":"Similar post","block_context":{"text":"Similar post","link":""},"img":{"alt_text":"","src":"https:\/\/i0.wp.com\/gpw-online.de\/wp-content\/uploads\/2024\/12\/Foto18_Kaul.jpg?resize=350%2C200&ssl=1","width":350,"height":200,"srcset":"https:\/\/i0.wp.com\/gpw-online.de\/wp-content\/uploads\/2024\/12\/Foto18_Kaul.jpg?resize=350%2C200&ssl=1 1x, https:\/\/i0.wp.com\/gpw-online.de\/wp-content\/uploads\/2024\/12\/Foto18_Kaul.jpg?resize=525%2C300&ssl=1 1.5x, https:\/\/i0.wp.com\/gpw-online.de\/wp-content\/uploads\/2024\/12\/Foto18_Kaul.jpg?resize=700%2C400&ssl=1 2x, https:\/\/i0.wp.com\/gpw-online.de\/wp-content\/uploads\/2024\/12\/Foto18_Kaul.jpg?resize=1050%2C600&ssl=1 3x, https:\/\/i0.wp.com\/gpw-online.de\/wp-content\/uploads\/2024\/12\/Foto18_Kaul.jpg?resize=1400%2C800&ssl=1 4x"},"classes":[]},{"id":1036,"url":"https:\/\/gpw-online.de\/en\/1036-2\/","url_meta":{"origin":82,"position":2},"title":"Conference 2025","author":"geschaeftsfuehrergpw","date":"24th February 2025","format":false,"excerpt":"GPW-Tagung 2025 (Foto: MLU Halle) Die 65. Tagung der Gesellschaft f\u00fcr Pflanzenbauwissenschaften e. V. \"PLANETARY BOUNDARIESrising to the challenges ahead\" hat vom 23. - 25. September 2025 an der Universit\u00e4t Halle-Wittenberg stattgefunden R\u00fcckblick auf die 65. Tagung der Gesellschaft f\u00fcr Pflanzenbauwissenschaften e.V. an der Martin-Luther-Universit\u00e4t Halle-Wittenberg Vom 23. bis 25.\u2026","rel":"","context":"Similar post","block_context":{"text":"Similar post","link":""},"img":{"alt_text":"","src":"https:\/\/i0.wp.com\/gpw-online.de\/wp-content\/uploads\/2025\/10\/DSC_0106.jpg?resize=350%2C200&ssl=1","width":350,"height":200,"srcset":"https:\/\/i0.wp.com\/gpw-online.de\/wp-content\/uploads\/2025\/10\/DSC_0106.jpg?resize=350%2C200&ssl=1 1x, https:\/\/i0.wp.com\/gpw-online.de\/wp-content\/uploads\/2025\/10\/DSC_0106.jpg?resize=525%2C300&ssl=1 1.5x, https:\/\/i0.wp.com\/gpw-online.de\/wp-content\/uploads\/2025\/10\/DSC_0106.jpg?resize=700%2C400&ssl=1 2x, https:\/\/i0.wp.com\/gpw-online.de\/wp-content\/uploads\/2025\/10\/DSC_0106.jpg?resize=1050%2C600&ssl=1 3x, https:\/\/i0.wp.com\/gpw-online.de\/wp-content\/uploads\/2025\/10\/DSC_0106.jpg?resize=1400%2C800&ssl=1 4x"},"classes":[]},{"id":3042,"url":"https:\/\/gpw-online.de\/en\/early-career-conference-grant-2\/","url_meta":{"origin":82,"position":3},"title":"Early Career Conference Grant","author":"geschaeftsfuehrergpw","date":"27th January 2026","format":false,"excerpt":"Early Career Conference Grant Nachwuchsf\u00f6rderungsprogramm der Gesellschaft f\u00fcr Pflanzenbauwissenschaften Mit dem Early Career Conference Grant (ECCG) unterst\u00fctzt die Gesellschaft f\u00fcr Pflanzenbauwissenschaften (GPW) gezielt Nachwuchswissenschaftlerinnen und Nachwuchswissenschaftler bei der aktiven Teilnahme an wissenschaftlichen Tagungen im In- und Ausland. Ziel der F\u00f6rderung ist es, junge Forschende dabei zu st\u00e4rken, ihre Arbeiten sichtbar\u2026","rel":"","context":"Similar post","block_context":{"text":"Similar post","link":""},"img":{"alt_text":"","src":"https:\/\/i0.wp.com\/gpw-online.de\/wp-content\/uploads\/2025\/11\/Posterschau-Urheber-ZALF-PB2.jpg?fit=1200%2C800&ssl=1&resize=350%2C200","width":350,"height":200,"srcset":"https:\/\/i0.wp.com\/gpw-online.de\/wp-content\/uploads\/2025\/11\/Posterschau-Urheber-ZALF-PB2.jpg?fit=1200%2C800&ssl=1&resize=350%2C200 1x, https:\/\/i0.wp.com\/gpw-online.de\/wp-content\/uploads\/2025\/11\/Posterschau-Urheber-ZALF-PB2.jpg?fit=1200%2C800&ssl=1&resize=525%2C300 1.5x, https:\/\/i0.wp.com\/gpw-online.de\/wp-content\/uploads\/2025\/11\/Posterschau-Urheber-ZALF-PB2.jpg?fit=1200%2C800&ssl=1&resize=700%2C400 2x, https:\/\/i0.wp.com\/gpw-online.de\/wp-content\/uploads\/2025\/11\/Posterschau-Urheber-ZALF-PB2.jpg?fit=1200%2C800&ssl=1&resize=1050%2C600 3x"},"classes":[]},{"id":2506,"url":"https:\/\/gpw-online.de\/en\/ag-young-crop-science\/","url_meta":{"origin":82,"position":4},"title":"WG Young Crop Science","author":"geschaeftsfuehrergpw","date":"18th November 2025","format":false,"excerpt":"AG Young Crop Science (Foto: GPW e.V.) Arbeitsgemeinschaft Young Crop Science Die AG Young Crop Science ist f\u00fcr Studierende, Promovierende und Postdocs alles Fachgebiete des Pflanzenbaus ein Treffpunkt f\u00fcr Austausch, Hilfestellungen und Netzwerkaufbau. Wir treffen uns w\u00e4hrend des Wintersemesters zu monatlichen Online-Seminaren und einmal j\u00e4hrlich zu einem Workshop. N\u00e4here Informationen\u2026","rel":"","context":"Similar post","block_context":{"text":"Similar post","link":""},"img":{"alt_text":"","src":"https:\/\/i0.wp.com\/gpw-online.de\/wp-content\/uploads\/2025\/11\/0001-1.jpg?resize=350%2C200","width":350,"height":200,"srcset":"https:\/\/i0.wp.com\/gpw-online.de\/wp-content\/uploads\/2025\/11\/0001-1.jpg?resize=350%2C200 1x, https:\/\/i0.wp.com\/gpw-online.de\/wp-content\/uploads\/2025\/11\/0001-1.jpg?resize=525%2C300 1.5x, https:\/\/i0.wp.com\/gpw-online.de\/wp-content\/uploads\/2025\/11\/0001-1.jpg?resize=700%2C400 2x, https:\/\/i0.wp.com\/gpw-online.de\/wp-content\/uploads\/2025\/11\/0001-1.jpg?resize=1050%2C600 3x"},"classes":[]},{"id":486,"url":"https:\/\/gpw-online.de\/en\/aktuelles-veranstaltungen\/","url_meta":{"origin":82,"position":5},"title":"Aktuelles \/ Veranstaltungen","author":"geschaeftsfuehrergpw","date":"23rd December 2024","format":false,"excerpt":"Aktuelles aus der GPW (Foto: GPW e.V.) Bekanntmachungen Neuer F\u00f6rderaufruf: Early Career Conference Grant (ECCG) Die Gesellschaft f\u00fcr Pflanzenbauwissenschaften (GPW) schreibt erstmals den Early Career Conference Grant (ECCG) aus. Mit dem F\u00f6rderprogramm unterst\u00fctzt die GPW Nachwuchswissenschaftlerinnen und Nachwuchswissenschaftler dabei, ihre Forschung auf nationalen und internationalen Tagungen zu pr\u00e4sentieren und ihre\u2026","rel":"","context":"Similar post","block_context":{"text":"Similar post","link":""},"img":{"alt_text":"","src":"https:\/\/i0.wp.com\/gpw-online.de\/wp-content\/uploads\/2025\/10\/Header_Aktuelles.jpg?resize=350%2C200&ssl=1","width":350,"height":200,"srcset":"https:\/\/i0.wp.com\/gpw-online.de\/wp-content\/uploads\/2025\/10\/Header_Aktuelles.jpg?resize=350%2C200&ssl=1 1x, https:\/\/i0.wp.com\/gpw-online.de\/wp-content\/uploads\/2025\/10\/Header_Aktuelles.jpg?resize=525%2C300&ssl=1 1.5x, https:\/\/i0.wp.com\/gpw-online.de\/wp-content\/uploads\/2025\/10\/Header_Aktuelles.jpg?resize=700%2C400&ssl=1 2x, https:\/\/i0.wp.com\/gpw-online.de\/wp-content\/uploads\/2025\/10\/Header_Aktuelles.jpg?resize=1050%2C600&ssl=1 3x, https:\/\/i0.wp.com\/gpw-online.de\/wp-content\/uploads\/2025\/10\/Header_Aktuelles.jpg?resize=1400%2C800&ssl=1 4x"},"classes":[]}],"_links":{"self":[{"href":"https:\/\/gpw-online.de\/en\/wp-json\/wp\/v2\/pages\/82","targetHints":{"allow":["GET"]}}],"collection":[{"href":"https:\/\/gpw-online.de\/en\/wp-json\/wp\/v2\/pages"}],"about":[{"href":"https:\/\/gpw-online.de\/en\/wp-json\/wp\/v2\/types\/page"}],"author":[{"embeddable":true,"href":"https:\/\/gpw-online.de\/en\/wp-json\/wp\/v2\/users\/258304908"}],"replies":[{"embeddable":true,"href":"https:\/\/gpw-online.de\/en\/wp-json\/wp\/v2\/comments?post=82"}],"version-history":[{"count":48,"href":"https:\/\/gpw-online.de\/en\/wp-json\/wp\/v2\/pages\/82\/revisions"}],"predecessor-version":[{"id":2905,"href":"https:\/\/gpw-online.de\/en\/wp-json\/wp\/v2\/pages\/82\/revisions\/2905"}],"wp:attachment":[{"href":"https:\/\/gpw-online.de\/en\/wp-json\/wp\/v2\/media?parent=82"}],"curies":[{"name":"wp","href":"https:\/\/api.w.org\/{rel}","templated":true}]}}