{"id":93,"date":"2024-11-20T14:06:25","date_gmt":"2024-11-20T13:06:25","guid":{"rendered":"https:\/\/gpw-online.de\/?page_id=93"},"modified":"2026-01-14T16:53:03","modified_gmt":"2026-01-14T15:53:03","slug":"mitgliedsantrag","status":"publish","type":"page","link":"https:\/\/gpw-online.de\/en\/mitgliedschaft\/mitgliedsantrag\/","title":{"rendered":"Membership application"},"content":{"rendered":"<div class=\"wp-block-nk-awb nk-awb nk-awb-fullheight nk-awb-content-valign-center alignwide has-070606-background-color has-background\" style=\"min-height:45vh;margin-top:-65px\"><div class=\"nk-awb-wrap\" style=\"background:#070606\" data-awb-type=\"image\" data-awb-parallax=\"scroll-opacity\" data-awb-parallax-speed=\"0.5\" data-awb-parallax-mobile=\"true\" data-awb-image-background-size=\"cover\" data-awb-image-background-position=\"56% 56%\" data-awb-mouse-parallax=\"true\" data-awb-mouse-parallax-size=\"30\" data-awb-mouse-parallax-speed=\"10000\"><div class=\"nk-awb-inner\" style=\"opacity: 0.63;\"><img data-recalc-dims=\"1\" loading=\"lazy\" decoding=\"async\" data-attachment-id=\"2116\" data-permalink=\"https:\/\/gpw-online.de\/en\/portrait\/kottmann-10\/\" data-orig-file=\"https:\/\/i0.wp.com\/gpw-online.de\/wp-content\/uploads\/2025\/10\/Kottmann-10.jpg?fit=3456%2C2304&amp;ssl=1\" data-orig-size=\"3456,2304\" data-comments-opened=\"1\" data-image-meta=\"{&quot;aperture&quot;:&quot;14&quot;,&quot;credit&quot;:&quot;&quot;,&quot;camera&quot;:&quot;Canon EOS 350D DIGITAL&quot;,&quot;caption&quot;:&quot;&quot;,&quot;created_timestamp&quot;:&quot;1497528365&quot;,&quot;copyright&quot;:&quot;&quot;,&quot;focal_length&quot;:&quot;72&quot;,&quot;iso&quot;:&quot;400&quot;,&quot;shutter_speed&quot;:&quot;0.0025&quot;,&quot;title&quot;:&quot;&quot;,&quot;orientation&quot;:&quot;1&quot;}\" data-image-title=\"Kottmann (10)\" data-image-description=\"\" data-image-caption=\"\" data-large-file=\"https:\/\/i0.wp.com\/gpw-online.de\/wp-content\/uploads\/2025\/10\/Kottmann-10.jpg?fit=1024%2C683&amp;ssl=1\" src=\"https:\/\/i0.wp.com\/gpw-online.de\/wp-content\/uploads\/2025\/10\/Kottmann-10.jpg?resize=3456%2C2304&#038;ssl=1\" class=\"wp-image-2116 jarallax-img\" width=\"3456\" height=\"2304\" srcset=\"https:\/\/i0.wp.com\/gpw-online.de\/wp-content\/uploads\/2025\/10\/Kottmann-10.jpg?w=3456&amp;ssl=1 3456w, https:\/\/i0.wp.com\/gpw-online.de\/wp-content\/uploads\/2025\/10\/Kottmann-10.jpg?resize=300%2C200&amp;ssl=1 300w, https:\/\/i0.wp.com\/gpw-online.de\/wp-content\/uploads\/2025\/10\/Kottmann-10.jpg?resize=1024%2C683&amp;ssl=1 1024w, https:\/\/i0.wp.com\/gpw-online.de\/wp-content\/uploads\/2025\/10\/Kottmann-10.jpg?resize=768%2C512&amp;ssl=1 768w, https:\/\/i0.wp.com\/gpw-online.de\/wp-content\/uploads\/2025\/10\/Kottmann-10.jpg?resize=1536%2C1024&amp;ssl=1 1536w, https:\/\/i0.wp.com\/gpw-online.de\/wp-content\/uploads\/2025\/10\/Kottmann-10.jpg?resize=2048%2C1365&amp;ssl=1 2048w, https:\/\/i0.wp.com\/gpw-online.de\/wp-content\/uploads\/2025\/10\/Kottmann-10.jpg?resize=1200%2C800&amp;ssl=1 1200w, https:\/\/i0.wp.com\/gpw-online.de\/wp-content\/uploads\/2025\/10\/Kottmann-10.jpg?resize=500%2C333&amp;ssl=1 500w, https:\/\/i0.wp.com\/gpw-online.de\/wp-content\/uploads\/2025\/10\/Kottmann-10.jpg?resize=800%2C533&amp;ssl=1 800w, https:\/\/i0.wp.com\/gpw-online.de\/wp-content\/uploads\/2025\/10\/Kottmann-10.jpg?resize=1280%2C853&amp;ssl=1 1280w, https:\/\/i0.wp.com\/gpw-online.de\/wp-content\/uploads\/2025\/10\/Kottmann-10.jpg?resize=1920%2C1280&amp;ssl=1 1920w, https:\/\/i0.wp.com\/gpw-online.de\/wp-content\/uploads\/2025\/10\/Kottmann-10.jpg?w=3000&amp;ssl=1 3000w\" sizes=\"auto, (max-width: 1000px) 100vw, 1000px\" \/><\/div><\/div><div class=\"nk-awb-wrap-content has-global-padding is-layout-constrained wp-block-nk-awb-is-layout-constrained\">\n<div data-aos= \"fade-up\" data-aos-duration=\"400\" data-aos-delay=\"0\" data-aos-easing=\"ease\" data-aos-once=\"true\" class=\"wp-block-uagb-advanced-heading uagb-block-cbedb557\"><h2 class=\"uagb-heading-text\">Membership application<\/h2><\/div>\n\n\n\n<p class=\"has-text-align-center has-base-color has-text-color has-link-color wp-elements-b9f9adbace9a2faf738e3a992b2a9837 wp-block-paragraph\"><em>(Photo: L. Kottmann)<\/em><\/p>\n<\/div><\/div>\n\n\n\n<p class=\"wp-block-paragraph\" style=\"padding-right:var(--wp--preset--spacing--70);padding-left:var(--wp--preset--spacing--70)\">I hereby apply for membership in the German Society of Agronomy (Gesellschaft f\u00fcr Pflanzenbauwissenschaften e.V.).<\/p>\n\n\n<div class=\"wp-block-jetpack-contact-form is-layout-flex wp-container-jetpack-contact-form-is-layout-f266009e wp-block-jetpack-contact-form-is-layout-flex\"><a href=\"https:\/\/gpw-online.de\/en\/mitgliedschaft\/mitgliedsantrag\/\" target=\"_blank\" rel=\"noopener noreferrer\">Submit a form.<\/a><\/div>","protected":false},"excerpt":{"rendered":"<p>I hereby apply for membership in the German Society of Agronomy (Gesellschaft f\u00fcr Pflanzenbauwissenschaften e.V.).<\/p>","protected":false},"author":258304908,"featured_media":0,"parent":82,"menu_order":0,"comment_status":"closed","ping_status":"closed","template":"","meta":{"_crdt_document":"","_uag_custom_page_level_css":"","advanced_seo_description":"","jetpack_seo_html_title":"","jetpack_seo_noindex":false,"footnotes":""},"class_list":["post-93","page","type-page","status-publish","hentry"],"uagb_featured_image_src":{"full":false,"thumbnail":false,"medium":false,"medium_large":false,"large":false,"1536x1536":false,"2048x2048":false,"trp-custom-language-flag":false,"newspack-article-block-landscape-large":false,"newspack-article-block-portrait-large":false,"newspack-article-block-square-large":false,"newspack-article-block-landscape-medium":false,"newspack-article-block-portrait-medium":false,"newspack-article-block-square-medium":false,"newspack-article-block-landscape-intermediate":false,"newspack-article-block-portrait-intermediate":false,"newspack-article-block-square-intermediate":false,"newspack-article-block-landscape-small":false,"newspack-article-block-portrait-small":false,"newspack-article-block-square-small":false,"newspack-article-block-landscape-tiny":false,"newspack-article-block-portrait-tiny":false,"newspack-article-block-square-tiny":false,"newspack-article-block-uncropped":false,"awb_sm":false,"awb_md":false,"awb_lg":false,"awb_xl":false},"uagb_author_info":{"display_name":"geschaeftsfuehrergpw","author_link":"https:\/\/gpw-online.de\/en\/author\/geschaeftsfuehrergpw\/"},"uagb_comment_info":0,"uagb_excerpt":"Hiermit beantrage ich die Aufnahme in die Gesellschaft f\u00fcr Pflanzenbauwissenschaften e.V.","jetpack_likes_enabled":true,"jetpack_sharing_enabled":true,"jetpack_shortlink":"https:\/\/wp.me\/PgaE4Q-1v","jetpack-related-posts":[{"id":82,"url":"https:\/\/gpw-online.de\/en\/mitgliedschaft\/","url_meta":{"origin":93,"position":0},"title":"Membership","author":"geschaeftsfuehrergpw","date":"20th November 2024","format":false,"excerpt":"Mitgliedschaft (Foto: L. Kottmann) Sie m\u00f6chten Mitglied werden: Als ordentliche Mitglieder k\u00f6nnen Personen aufgenommen werden, die sich auf dem Gesamtgebiet der Pflanzenbauwissenschaften im In- und Ausland wissenschaftlich bet\u00e4tigen oder die Bereiche der Gesellschaft zu f\u00f6rdern bereit sind.Personen, die einen berufsqualifizierenden Abschluss des Studiums anstreben, k\u00f6nnen als studentische Mitglieder aufgenommen werden.\u2026","rel":"","context":"Similar post","block_context":{"text":"Similar post","link":""},"img":{"alt_text":"","src":"https:\/\/i0.wp.com\/gpw-online.de\/wp-content\/uploads\/2025\/10\/Header_Mitgliedschaft.jpg?resize=350%2C200&ssl=1","width":350,"height":200,"srcset":"https:\/\/i0.wp.com\/gpw-online.de\/wp-content\/uploads\/2025\/10\/Header_Mitgliedschaft.jpg?resize=350%2C200&ssl=1 1x, https:\/\/i0.wp.com\/gpw-online.de\/wp-content\/uploads\/2025\/10\/Header_Mitgliedschaft.jpg?resize=525%2C300&ssl=1 1.5x, https:\/\/i0.wp.com\/gpw-online.de\/wp-content\/uploads\/2025\/10\/Header_Mitgliedschaft.jpg?resize=700%2C400&ssl=1 2x, https:\/\/i0.wp.com\/gpw-online.de\/wp-content\/uploads\/2025\/10\/Header_Mitgliedschaft.jpg?resize=1050%2C600&ssl=1 3x, https:\/\/i0.wp.com\/gpw-online.de\/wp-content\/uploads\/2025\/10\/Header_Mitgliedschaft.jpg?resize=1400%2C800&ssl=1 4x"},"classes":[]},{"id":1737,"url":"https:\/\/gpw-online.de\/en\/ihr-tagungsbeitrag\/","url_meta":{"origin":93,"position":1},"title":"Ihr Tagungsbeitrag","author":"geschaeftsfuehrergpw","date":"18th May 2025","format":false,"excerpt":"Ihr Tagungsbeitrag Beitragsanmeldungen Die Anmeldefrist ist bereits abgelaufen. Anmeldung f\u00fcr den Zukunftspreis der GPW\u00a0-->\u00a0siehe hier Ihr Tagungsbeitrag Bitte reichen Sie Ihre vollst\u00e4ndigen Tagungsbeitr\u00e4ge (jeweils 2 Seiten f\u00fcr Vortr\u00e4ge und Poster) nach Aufforderung\u00a0bis zum 30.06.2025\u00a0digital ein.Alle Beitr\u00e4ge werden im digitalen Tagungsband ver\u00f6ffentlicht. Dieser erscheint zur Tagung.(Die 4-seitigen Tagungsbeitr\u00e4ge f\u00fcr den Zukunftspreis\u2026","rel":"","context":"Similar post","block_context":{"text":"Similar post","link":""},"img":{"alt_text":"","src":"https:\/\/i0.wp.com\/gpw-online.de\/wp-content\/uploads\/2025\/09\/Foto10_Kaul.jpg?resize=350%2C200&ssl=1","width":350,"height":200,"srcset":"https:\/\/i0.wp.com\/gpw-online.de\/wp-content\/uploads\/2025\/09\/Foto10_Kaul.jpg?resize=350%2C200&ssl=1 1x, https:\/\/i0.wp.com\/gpw-online.de\/wp-content\/uploads\/2025\/09\/Foto10_Kaul.jpg?resize=525%2C300&ssl=1 1.5x, https:\/\/i0.wp.com\/gpw-online.de\/wp-content\/uploads\/2025\/09\/Foto10_Kaul.jpg?resize=700%2C400&ssl=1 2x, https:\/\/i0.wp.com\/gpw-online.de\/wp-content\/uploads\/2025\/09\/Foto10_Kaul.jpg?resize=1050%2C600&ssl=1 3x, https:\/\/i0.wp.com\/gpw-online.de\/wp-content\/uploads\/2025\/09\/Foto10_Kaul.jpg?resize=1400%2C800&ssl=1 4x"},"classes":[]},{"id":2596,"url":"https:\/\/gpw-online.de\/en\/ag-ertragsphysiologie-und-wachstumsmodelle_fotos2022\/","url_meta":{"origin":93,"position":2},"title":"AG Ertragsphysiologie und Wachstumsmodelle_Fotos2022","author":"geschaeftsfuehrergpw","date":"18th November 2025","format":false,"excerpt":"AG Ertragsphysiologie und Wachstumsmodelle (Foto: L. Kottmann) Workshop \u201eThrough phenotyping and modeling to better-adapted crops?\u201d der AG Ertragsphysiologie und Wachstumsmodelle der GPW gemeinsam mit der AG Ertrags- und Stressphysiologie der GPZ am Julius K\u00fchn-Institut am 18.-19.05.2022","rel":"","context":"Similar post","block_context":{"text":"Similar post","link":""},"img":{"alt_text":"","src":"https:\/\/i0.wp.com\/gpw-online.de\/wp-content\/uploads\/2025\/09\/Kottmann-1.jpg?resize=350%2C200&ssl=1","width":350,"height":200,"srcset":"https:\/\/i0.wp.com\/gpw-online.de\/wp-content\/uploads\/2025\/09\/Kottmann-1.jpg?resize=350%2C200&ssl=1 1x, https:\/\/i0.wp.com\/gpw-online.de\/wp-content\/uploads\/2025\/09\/Kottmann-1.jpg?resize=525%2C300&ssl=1 1.5x, https:\/\/i0.wp.com\/gpw-online.de\/wp-content\/uploads\/2025\/09\/Kottmann-1.jpg?resize=700%2C400&ssl=1 2x, https:\/\/i0.wp.com\/gpw-online.de\/wp-content\/uploads\/2025\/09\/Kottmann-1.jpg?resize=1050%2C600&ssl=1 3x, https:\/\/i0.wp.com\/gpw-online.de\/wp-content\/uploads\/2025\/09\/Kottmann-1.jpg?resize=1400%2C800&ssl=1 4x"},"classes":[]},{"id":3042,"url":"https:\/\/gpw-online.de\/en\/early-career-conference-grant-2\/","url_meta":{"origin":93,"position":3},"title":"Early Career Conference Grant","author":"geschaeftsfuehrergpw","date":"27th January 2026","format":false,"excerpt":"Early Career Conference Grant Nachwuchsf\u00f6rderungsprogramm der Gesellschaft f\u00fcr Pflanzenbauwissenschaften Mit dem Early Career Conference Grant (ECCG) unterst\u00fctzt die Gesellschaft f\u00fcr Pflanzenbauwissenschaften (GPW) gezielt Nachwuchswissenschaftlerinnen und Nachwuchswissenschaftler bei der aktiven Teilnahme an wissenschaftlichen Tagungen im In- und Ausland. Ziel der F\u00f6rderung ist es, junge Forschende dabei zu st\u00e4rken, ihre Arbeiten sichtbar\u2026","rel":"","context":"Similar post","block_context":{"text":"Similar post","link":""},"img":{"alt_text":"","src":"https:\/\/i0.wp.com\/gpw-online.de\/wp-content\/uploads\/2025\/11\/Posterschau-Urheber-ZALF-PB2.jpg?fit=1200%2C800&ssl=1&resize=350%2C200","width":350,"height":200,"srcset":"https:\/\/i0.wp.com\/gpw-online.de\/wp-content\/uploads\/2025\/11\/Posterschau-Urheber-ZALF-PB2.jpg?fit=1200%2C800&ssl=1&resize=350%2C200 1x, https:\/\/i0.wp.com\/gpw-online.de\/wp-content\/uploads\/2025\/11\/Posterschau-Urheber-ZALF-PB2.jpg?fit=1200%2C800&ssl=1&resize=525%2C300 1.5x, https:\/\/i0.wp.com\/gpw-online.de\/wp-content\/uploads\/2025\/11\/Posterschau-Urheber-ZALF-PB2.jpg?fit=1200%2C800&ssl=1&resize=700%2C400 2x, https:\/\/i0.wp.com\/gpw-online.de\/wp-content\/uploads\/2025\/11\/Posterschau-Urheber-ZALF-PB2.jpg?fit=1200%2C800&ssl=1&resize=1050%2C600 3x"},"classes":[]},{"id":2487,"url":"https:\/\/gpw-online.de\/en\/ag-ertragsphysiologie-und-wachstumsmodelle-2\/","url_meta":{"origin":93,"position":4},"title":"WG Yield physiology and Plant Growth Models","author":"geschaeftsfuehrergpw","date":"18th November 2025","format":false,"excerpt":"AG Ertragsphysiologie und Wachstumsmodelle (Foto: L. Kottmann) Arbeitsgemeinschaft Ertragsphysiologie und Wachstumsmodelle Coming soon! Aktuelles Coming soon! Berichte aus der AG Fotos des Workshops \"Through phenotyping and modeling to better-adapted crops?\" vom 18.-19.05.2022 in Braunschweig Ansprechperson Dr. Til FeikeJulius K\u00fchn-InstitutInstitut f\u00fcr Strategien und Folgenabsch\u00e4tzungStahnsdorfer Damm 81 14532 KleinmachnowTel. 033203-48312til.feike@julius-kuehn.de","rel":"","context":"Similar post","block_context":{"text":"Similar post","link":""},"img":{"alt_text":"","src":"https:\/\/i0.wp.com\/gpw-online.de\/wp-content\/uploads\/2025\/09\/Kottmann-1.jpg?resize=350%2C200&ssl=1","width":350,"height":200,"srcset":"https:\/\/i0.wp.com\/gpw-online.de\/wp-content\/uploads\/2025\/09\/Kottmann-1.jpg?resize=350%2C200&ssl=1 1x, https:\/\/i0.wp.com\/gpw-online.de\/wp-content\/uploads\/2025\/09\/Kottmann-1.jpg?resize=525%2C300&ssl=1 1.5x, https:\/\/i0.wp.com\/gpw-online.de\/wp-content\/uploads\/2025\/09\/Kottmann-1.jpg?resize=700%2C400&ssl=1 2x, https:\/\/i0.wp.com\/gpw-online.de\/wp-content\/uploads\/2025\/09\/Kottmann-1.jpg?resize=1050%2C600&ssl=1 3x, https:\/\/i0.wp.com\/gpw-online.de\/wp-content\/uploads\/2025\/09\/Kottmann-1.jpg?resize=1400%2C800&ssl=1 4x"},"classes":[]},{"id":55,"url":"https:\/\/gpw-online.de\/en\/nachwuchspreise-gpw\/zukunftspreisabout-page\/","url_meta":{"origin":93,"position":5},"title":"GPW Future Award (Zukunftspreis der GPW)","author":"geschaeftsfuehrergpw","date":"19th November 2024","format":false,"excerpt":"Zukunftspreis der Gesellschaft f\u00fcr Pflanzenbauwissenschaften (Foto: GPW e.V.) Zukunftspreis der Gesellschaft f\u00fcr Pflanzenbauwissenschaften 2025 Die Gesellschaft f\u00fcr Pflanzenbauwissenschaften wird auf der n\u00e4chsten Tagung in Hohenheim wieder den Zukunftspreis der GPW f\u00fcr den besten Vortrag einer Nachwuchswissenschaftlerin \/ eines Nachwuchswissenschaftlersausloben. Der Preis ist mit 2.500 \u20ac dotiert. Die bisherigen Preistr\u00e4ger\/innen sind:\u2026","rel":"","context":"Similar post","block_context":{"text":"Similar post","link":""},"img":{"alt_text":"","src":"https:\/\/i0.wp.com\/gpw-online.de\/wp-content\/uploads\/2025\/12\/786c8832-059e-4d78-8791-f7c69375e277-edited-1.jpeg?resize=350%2C200","width":350,"height":200},"classes":[]}],"_links":{"self":[{"href":"https:\/\/gpw-online.de\/en\/wp-json\/wp\/v2\/pages\/93","targetHints":{"allow":["GET"]}}],"collection":[{"href":"https:\/\/gpw-online.de\/en\/wp-json\/wp\/v2\/pages"}],"about":[{"href":"https:\/\/gpw-online.de\/en\/wp-json\/wp\/v2\/types\/page"}],"author":[{"embeddable":true,"href":"https:\/\/gpw-online.de\/en\/wp-json\/wp\/v2\/users\/258304908"}],"replies":[{"embeddable":true,"href":"https:\/\/gpw-online.de\/en\/wp-json\/wp\/v2\/comments?post=93"}],"version-history":[{"count":61,"href":"https:\/\/gpw-online.de\/en\/wp-json\/wp\/v2\/pages\/93\/revisions"}],"predecessor-version":[{"id":3036,"href":"https:\/\/gpw-online.de\/en\/wp-json\/wp\/v2\/pages\/93\/revisions\/3036"}],"up":[{"embeddable":true,"href":"https:\/\/gpw-online.de\/en\/wp-json\/wp\/v2\/pages\/82"}],"wp:attachment":[{"href":"https:\/\/gpw-online.de\/en\/wp-json\/wp\/v2\/media?parent=93"}],"curies":[{"name":"wp","href":"https:\/\/api.w.org\/{rel}","templated":true}]}}